{"id":633,"date":"2026-05-04T11:31:28","date_gmt":"2026-05-04T09:31:28","guid":{"rendered":"https:\/\/greenoneconsulting.hu\/?page_id=633"},"modified":"2026-05-04T12:16:50","modified_gmt":"2026-05-04T10:16:50","slug":"kapcsolat","status":"publish","type":"page","link":"https:\/\/greenoneconsulting.hu\/de\/kapcsolat\/","title":{"rendered":"Kontakt"},"content":{"rendered":"\t\t<div data-elementor-type=\"wp-page\" data-elementor-id=\"633\" class=\"elementor elementor-633\" data-elementor-post-type=\"page\">\n\t\t\t\t<div class=\"elementor-element elementor-element-3277136b e-con-full e-flex e-con e-parent\" data-id=\"3277136b\" data-element_type=\"container\" data-e-type=\"container\" data-settings=\"{&quot;background_background&quot;:&quot;classic&quot;}\">\n\t\t<div class=\"elementor-element elementor-element-18f38e9b e-con-full e-flex e-con e-child\" data-id=\"18f38e9b\" data-element_type=\"container\" data-e-type=\"container\" data-settings=\"{&quot;background_background&quot;:&quot;classic&quot;}\">\n\t\t\t\t<div class=\"elementor-element elementor-element-13038ec1 elementor-widget elementor-widget-heading\" data-id=\"13038ec1\" data-element_type=\"widget\" data-e-type=\"widget\" data-widget_type=\"heading.default\">\n\t\t\t\t\t<span class=\"elementor-heading-title elementor-size-default\">Kapcsolat<\/span>\t\t\t\t<\/div>\n\t\t\t\t<div class=\"elementor-element elementor-element-5e1a6b73 elementor-widget elementor-widget-heading\" data-id=\"5e1a6b73\" data-element_type=\"widget\" data-e-type=\"widget\" data-widget_type=\"heading.default\">\n\t\t\t\t\t<h1 class=\"elementor-heading-title elementor-size-default\">K\u00e9rd\u00e9sed van hozz\u00e1nk?<\/h1>\t\t\t\t<\/div>\n\t\t\t\t<div class=\"elementor-element elementor-element-472de1f7 elementor-widget elementor-widget-text-editor\" data-id=\"472de1f7\" data-element_type=\"widget\" data-e-type=\"widget\" data-widget_type=\"text-editor.default\">\n\t\t\t\t\t\t\t\t\t<p>B\u00e1tran keress minket el\u00e9rhet\u0151s\u00e9geink egyik\u00e9n, vagy n\u00e9zz sz\u00e9t a weboldalon tov\u00e1bbi hasznos inform\u00e1ci\u00f3k\u00e9rt!<\/p>\t\t\t\t\t\t\t\t<\/div>\n\t\t\t\t<div class=\"elementor-element elementor-element-79561a15 elementor-widget elementor-widget-button\" data-id=\"79561a15\" data-element_type=\"widget\" data-e-type=\"widget\" data-widget_type=\"button.default\">\n\t\t\t\t\t\t\t\t\t\t<a class=\"elementor-button elementor-button-link elementor-size-sm\" href=\"https:\/\/greenoneconsulting.hu\/rolunk\/\">\n\t\t\t\t\t\t<span class=\"elementor-button-content-wrapper\">\n\t\t\t\t\t\t\t\t\t<span class=\"elementor-button-text\">R\u00d3LUNK<\/span>\n\t\t\t\t\t<\/span>\n\t\t\t\t\t<\/a>\n\t\t\t\t\t\t\t\t<\/div>\n\t\t\t\t<div class=\"elementor-element elementor-element-3900b10c elementor-widget elementor-widget-button\" data-id=\"3900b10c\" data-element_type=\"widget\" data-e-type=\"widget\" data-widget_type=\"button.default\">\n\t\t\t\t\t\t\t\t\t\t<a class=\"elementor-button elementor-button-link elementor-size-sm\" href=\"https:\/\/greenoneconsulting.hu\/szolgaltatasok\/\">\n\t\t\t\t\t\t<span class=\"elementor-button-content-wrapper\">\n\t\t\t\t\t\t\t\t\t<span class=\"elementor-button-text\">Szolg\u00e1ltat\u00e1sok<\/span>\n\t\t\t\t\t<\/span>\n\t\t\t\t\t<\/a>\n\t\t\t\t\t\t\t\t<\/div>\n\t\t\t\t<\/div>\n\t\t<div class=\"elementor-element elementor-element-cc8f4a6 e-con-full e-flex e-con e-child\" data-id=\"cc8f4a6\" data-element_type=\"container\" data-e-type=\"container\" data-settings=\"{&quot;background_background&quot;:&quot;classic&quot;}\">\n\t\t\t\t<\/div>\n\t\t\t\t<\/div>\n\t\t<div class=\"elementor-element elementor-element-497b2b2e e-flex e-con-boxed e-con e-parent\" data-id=\"497b2b2e\" data-element_type=\"container\" data-e-type=\"container\">\n\t\t\t\t\t<div class=\"e-con-inner\">\n\t\t\t\t<div class=\"elementor-element elementor-element-4ae02361 elementor-widget elementor-widget-heading\" data-id=\"4ae02361\" data-element_type=\"widget\" data-e-type=\"widget\" data-widget_type=\"heading.default\">\n\t\t\t\t\t<h2 class=\"elementor-heading-title elementor-size-default\">El\u00e9rhet\u0151s\u00e9geink<\/h2>\t\t\t\t<\/div>\n\t\t<div class=\"elementor-element elementor-element-5fb52085 e-flex e-con-boxed e-con e-child\" data-id=\"5fb52085\" data-element_type=\"container\" data-e-type=\"container\">\n\t\t\t\t\t<div class=\"e-con-inner\">\n\t\t<div class=\"elementor-element elementor-element-44872db2 e-con-full e-flex e-con e-child\" data-id=\"44872db2\" data-element_type=\"container\" data-e-type=\"container\">\n\t\t\t\t<div class=\"elementor-element elementor-element-13fbaecb elementor-view-stacked elementor-shape-square elementor-position-block-start elementor-mobile-position-block-start elementor-widget elementor-widget-icon-box\" data-id=\"13fbaecb\" data-element_type=\"widget\" data-e-type=\"widget\" data-widget_type=\"icon-box.default\">\n\t\t\t\t\t\t\t<div class=\"elementor-icon-box-wrapper\">\n\n\t\t\t\t\t\t<div class=\"elementor-icon-box-icon\">\n\t\t\t\t<span  class=\"elementor-icon\">\n\t\t\t\t<svg aria-hidden=\"true\" class=\"e-font-icon-svg e-fas-calendar-alt\" viewBox=\"0 0 448 512\" xmlns=\"http:\/\/www.w3.org\/2000\/svg\"><path d=\"M0 464c0 26.5 21.5 48 48 48h352c26.5 0 48-21.5 48-48V192H0v272zm320-196c0-6.6 5.4-12 12-12h40c6.6 0 12 5.4 12 12v40c0 6.6-5.4 12-12 12h-40c-6.6 0-12-5.4-12-12v-40zm0 128c0-6.6 5.4-12 12-12h40c6.6 0 12 5.4 12 12v40c0 6.6-5.4 12-12 12h-40c-6.6 0-12-5.4-12-12v-40zM192 268c0-6.6 5.4-12 12-12h40c6.6 0 12 5.4 12 12v40c0 6.6-5.4 12-12 12h-40c-6.6 0-12-5.4-12-12v-40zm0 128c0-6.6 5.4-12 12-12h40c6.6 0 12 5.4 12 12v40c0 6.6-5.4 12-12 12h-40c-6.6 0-12-5.4-12-12v-40zM64 268c0-6.6 5.4-12 12-12h40c6.6 0 12 5.4 12 12v40c0 6.6-5.4 12-12 12H76c-6.6 0-12-5.4-12-12v-40zm0 128c0-6.6 5.4-12 12-12h40c6.6 0 12 5.4 12 12v40c0 6.6-5.4 12-12 12H76c-6.6 0-12-5.4-12-12v-40zM400 64h-48V16c0-8.8-7.2-16-16-16h-32c-8.8 0-16 7.2-16 16v48H160V16c0-8.8-7.2-16-16-16h-32c-8.8 0-16 7.2-16 16v48H48C21.5 64 0 85.5 0 112v48h448v-48c0-26.5-21.5-48-48-48z\"><\/path><\/svg>\t\t\t\t<\/span>\n\t\t\t<\/div>\n\t\t\t\n\t\t\t\t\t\t<div class=\"elementor-icon-box-content\">\n\n\t\t\t\t\t\t\t\t\t<span class=\"elementor-icon-box-title\">\n\t\t\t\t\t\t<span  >\n\t\t\t\t\t\t\tH\u2013P: 09:00-17:00\t\t\t\t\t\t<\/span>\n\t\t\t\t\t<\/span>\n\t\t\t\t\n\t\t\t\t\n\t\t\t<\/div>\n\t\t\t\n\t\t<\/div>\n\t\t\t\t\t\t<\/div>\n\t\t\t\t<\/div>\n\t\t<div class=\"elementor-element elementor-element-18aed20a e-con-full e-flex e-con e-child\" data-id=\"18aed20a\" data-element_type=\"container\" data-e-type=\"container\">\n\t\t\t\t<div class=\"elementor-element elementor-element-be62acb elementor-view-stacked elementor-shape-square elementor-position-block-start elementor-mobile-position-block-start elementor-widget elementor-widget-icon-box\" data-id=\"be62acb\" data-element_type=\"widget\" data-e-type=\"widget\" data-widget_type=\"icon-box.default\">\n\t\t\t\t\t\t\t<div class=\"elementor-icon-box-wrapper\">\n\n\t\t\t\t\t\t<div class=\"elementor-icon-box-icon\">\n\t\t\t\t<a href=\"mailto:hello@domained.hu\" class=\"elementor-icon\" tabindex=\"-1\" aria-label=\"{{EMAIL}}\">\n\t\t\t\t<svg aria-hidden=\"true\" class=\"e-font-icon-svg e-fas-envelope\" viewBox=\"0 0 512 512\" xmlns=\"http:\/\/www.w3.org\/2000\/svg\"><path d=\"M502.3 190.8c3.9-3.1 9.7-.2 9.7 4.7V400c0 26.5-21.5 48-48 48H48c-26.5 0-48-21.5-48-48V195.6c0-5 5.7-7.8 9.7-4.7 22.4 17.4 52.1 39.5 154.1 113.6 21.1 15.4 56.7 47.8 92.2 47.6 35.7.3 72-32.8 92.3-47.6 102-74.1 131.6-96.3 154-113.7zM256 320c23.2.4 56.6-29.2 73.4-41.4 132.7-96.3 142.8-104.7 173.4-128.7 5.8-4.5 9.2-11.5 9.2-18.9v-19c0-26.5-21.5-48-48-48H48C21.5 64 0 85.5 0 112v19c0 7.4 3.4 14.3 9.2 18.9 30.6 23.9 40.7 32.4 173.4 128.7 16.8 12.2 50.2 41.8 73.4 41.4z\"><\/path><\/svg>\t\t\t\t<\/a>\n\t\t\t<\/div>\n\t\t\t\n\t\t\t\t\t\t<div class=\"elementor-icon-box-content\">\n\n\t\t\t\t\t\t\t\t\t<span class=\"elementor-icon-box-title\">\n\t\t\t\t\t\t<a href=\"mailto:hello@domained.hu\" >\n\t\t\t\t\t\t\t{{EMAIL}}\t\t\t\t\t\t<\/a>\n\t\t\t\t\t<\/span>\n\t\t\t\t\n\t\t\t\t\n\t\t\t<\/div>\n\t\t\t\n\t\t<\/div>\n\t\t\t\t\t\t<\/div>\n\t\t\t\t<\/div>\n\t\t<div class=\"elementor-element elementor-element-4da414e2 e-con-full e-flex e-con e-child\" data-id=\"4da414e2\" data-element_type=\"container\" data-e-type=\"container\">\n\t\t\t\t<div class=\"elementor-element elementor-element-a45aea6 elementor-view-stacked elementor-shape-square elementor-position-block-start elementor-mobile-position-block-start elementor-widget elementor-widget-icon-box\" data-id=\"a45aea6\" data-element_type=\"widget\" data-e-type=\"widget\" data-widget_type=\"icon-box.default\">\n\t\t\t\t\t\t\t<div class=\"elementor-icon-box-wrapper\">\n\n\t\t\t\t\t\t<div class=\"elementor-icon-box-icon\">\n\t\t\t\t<span  class=\"elementor-icon\">\n\t\t\t\t<svg aria-hidden=\"true\" class=\"e-font-icon-svg e-fas-map-marker-alt\" viewBox=\"0 0 384 512\" xmlns=\"http:\/\/www.w3.org\/2000\/svg\"><path d=\"M172.268 501.67C26.97 291.031 0 269.413 0 192 0 85.961 85.961 0 192 0s192 85.961 192 192c0 77.413-26.97 99.031-172.268 309.67-9.535 13.774-29.93 13.773-39.464 0zM192 272c44.183 0 80-35.817 80-80s-35.817-80-80-80-80 35.817-80 80 35.817 80 80 80z\"><\/path><\/svg>\t\t\t\t<\/span>\n\t\t\t<\/div>\n\t\t\t\n\t\t\t\t\t\t<div class=\"elementor-icon-box-content\">\n\n\t\t\t\t\t\t\t\t\t<span class=\"elementor-icon-box-title\">\n\t\t\t\t\t\t<span  >\n\t\t\t\t\t\t\t{{CIM}}\t\t\t\t\t\t<\/span>\n\t\t\t\t\t<\/span>\n\t\t\t\t\n\t\t\t\t\n\t\t\t<\/div>\n\t\t\t\n\t\t<\/div>\n\t\t\t\t\t\t<\/div>\n\t\t\t\t<\/div>\n\t\t<div class=\"elementor-element elementor-element-577a10b8 e-con-full e-flex e-con e-child\" data-id=\"577a10b8\" data-element_type=\"container\" data-e-type=\"container\">\n\t\t\t\t<div class=\"elementor-element elementor-element-6a4bcbfd elementor-view-stacked elementor-shape-square elementor-position-block-start elementor-mobile-position-block-start elementor-widget elementor-widget-icon-box\" data-id=\"6a4bcbfd\" data-element_type=\"widget\" data-e-type=\"widget\" data-widget_type=\"icon-box.default\">\n\t\t\t\t\t\t\t<div class=\"elementor-icon-box-wrapper\">\n\n\t\t\t\t\t\t<div class=\"elementor-icon-box-icon\">\n\t\t\t\t<a href=\"tel:06701234567\" class=\"elementor-icon\" tabindex=\"-1\" aria-label=\"{{TELEFON}}\">\n\t\t\t\t<svg aria-hidden=\"true\" class=\"e-font-icon-svg e-fas-phone-alt\" viewBox=\"0 0 512 512\" xmlns=\"http:\/\/www.w3.org\/2000\/svg\"><path d=\"M497.39 361.8l-112-48a24 24 0 0 0-28 6.9l-49.6 60.6A370.66 370.66 0 0 1 130.6 204.11l60.6-49.6a23.94 23.94 0 0 0 6.9-28l-48-112A24.16 24.16 0 0 0 122.6.61l-104 24A24 24 0 0 0 0 48c0 256.5 207.9 464 464 464a24 24 0 0 0 23.4-18.6l24-104a24.29 24.29 0 0 0-14.01-27.6z\"><\/path><\/svg>\t\t\t\t<\/a>\n\t\t\t<\/div>\n\t\t\t\n\t\t\t\t\t\t<div class=\"elementor-icon-box-content\">\n\n\t\t\t\t\t\t\t\t\t<span class=\"elementor-icon-box-title\">\n\t\t\t\t\t\t<a href=\"tel:06701234567\" >\n\t\t\t\t\t\t\t{{TELEFON}}\t\t\t\t\t\t<\/a>\n\t\t\t\t\t<\/span>\n\t\t\t\t\n\t\t\t\t\n\t\t\t<\/div>\n\t\t\t\n\t\t<\/div>\n\t\t\t\t\t\t<\/div>\n\t\t\t\t<\/div>\n\t\t\t\t\t<\/div>\n\t\t\t\t<\/div>\n\t\t\t\t\t<\/div>\n\t\t\t\t<\/div>\n\t\t<div class=\"elementor-element elementor-element-2cc2ab71 e-flex e-con-boxed e-con e-parent\" data-id=\"2cc2ab71\" data-element_type=\"container\" data-e-type=\"container\">\n\t\t\t\t\t<div class=\"e-con-inner\">\n\t\t<div class=\"elementor-element elementor-element-1448a80c e-con-full e-flex e-con e-child\" data-id=\"1448a80c\" data-element_type=\"container\" data-e-type=\"container\">\n\t\t\t\t<div class=\"elementor-element elementor-element-7549e4d4 elementor-widget elementor-widget-google_maps\" data-id=\"7549e4d4\" data-element_type=\"widget\" data-e-type=\"widget\" data-widget_type=\"google_maps.default\">\n\t\t\t\t\t\t\t<div class=\"elementor-custom-embed\">\n\t\t\t<iframe loading=\"lazy\"\n\t\t\t\t\tsrc=\"https:\/\/maps.google.com\/maps?q=%7B%7BCIM%7D%7D&#038;t=m&#038;z=15&#038;output=embed&#038;iwloc=near\"\n\t\t\t\t\ttitle=\"{{CIM}}\"\n\t\t\t\t\taria-label=\"{{CIM}}\"\n\t\t\t><\/iframe>\n\t\t<\/div>\n\t\t\t\t\t\t<\/div>\n\t\t\t\t<\/div>\n\t\t<div class=\"elementor-element elementor-element-2b46613f e-con-full e-flex e-con e-child\" data-id=\"2b46613f\" data-element_type=\"container\" data-e-type=\"container\">\n\t\t\t\t<div class=\"elementor-element elementor-element-743cf3f5 elementor-widget elementor-widget-heading\" data-id=\"743cf3f5\" data-element_type=\"widget\" data-e-type=\"widget\" data-widget_type=\"heading.default\">\n\t\t\t\t\t<h2 class=\"elementor-heading-title elementor-size-default\">\u00cdrj nek\u00fcnk!<\/h2>\t\t\t\t<\/div>\n\t\t\t\t<div class=\"elementor-element elementor-element-6fa22d6b elementor-widget elementor-widget-text-editor\" data-id=\"6fa22d6b\" data-element_type=\"widget\" data-e-type=\"widget\" data-widget_type=\"text-editor.default\">\n\t\t\t\t\t\t\t\t\t<p>Igyeksz\u00fcnk mihamarabb feldolgozni a megkeres\u00e9sed! Csapatunk 48 \u00f3r\u00e1n bel\u00fcl v\u00e1laszol neked.<\/p>\t\t\t\t\t\t\t\t<\/div>\n\t\t\t\t<div class=\"elementor-element elementor-element-67e8e2d1 elementor-widget-tablet__width-inherit elementor-button-align-stretch elementor-widget elementor-widget-form\" data-id=\"67e8e2d1\" data-element_type=\"widget\" data-e-type=\"widget\" data-settings=\"{&quot;step_next_label&quot;:&quot;K\\u00f6vetkez\\u0151&quot;,&quot;step_previous_label&quot;:&quot;El\\u0151z\\u0151&quot;,&quot;step_type&quot;:&quot;number_text&quot;,&quot;step_icon_shape&quot;:&quot;circle&quot;}\" data-widget_type=\"form.default\">\n\t\t\t\t\t\t\t<form class=\"elementor-form\" method=\"post\" name=\"\u00daj \u0171rlap\" aria-label=\"\u00daj \u0171rlap\">\n\t\t\t<input type=\"hidden\" name=\"post_id\" value=\"633\"\/>\n\t\t\t<input type=\"hidden\" name=\"form_id\" value=\"67e8e2d1\"\/>\n\t\t\t<input type=\"hidden\" name=\"referer_title\" value=\"Kapcsolat - Green One Consulting Kft.\" \/>\n\n\t\t\t\t\t\t\t<input type=\"hidden\" name=\"queried_id\" value=\"633\"\/>\n\t\t\t\n\t\t\t<div class=\"elementor-form-fields-wrapper elementor-labels-above\">\n\t\t\t\t\t\t\t\t<div class=\"elementor-field-type-text elementor-field-group elementor-column elementor-field-group-field_866aa75 elementor-col-100 elementor-field-required\">\n\t\t\t\t\t\t\t\t\t\t\t\t<label for=\"form-field-field_866aa75\" class=\"elementor-field-label\">\n\t\t\t\t\t\t\t\tTeljes n\u00e9v\t\t\t\t\t\t\t<\/label>\n\t\t\t\t\t\t\t\t\t\t\t\t\t\t<input size=\"1\" type=\"text\" name=\"form_fields[field_866aa75]\" id=\"form-field-field_866aa75\" class=\"elementor-field elementor-size-sm  elementor-field-textual\" placeholder=\"Teljes n\u00e9v\" required=\"required\">\n\t\t\t\t\t\t\t\t\t\t\t<\/div>\n\t\t\t\t\t\t\t\t<div class=\"elementor-field-type-email elementor-field-group elementor-column elementor-field-group-name elementor-col-100 elementor-field-required\">\n\t\t\t\t\t\t\t\t\t\t\t\t<label for=\"form-field-name\" class=\"elementor-field-label\">\n\t\t\t\t\t\t\t\tE-mail c\u00edm\t\t\t\t\t\t\t<\/label>\n\t\t\t\t\t\t\t\t\t\t\t\t\t\t<input size=\"1\" type=\"email\" name=\"form_fields[name]\" id=\"form-field-name\" class=\"elementor-field elementor-size-sm  elementor-field-textual\" placeholder=\"E-mail c\u00edm\" required=\"required\">\n\t\t\t\t\t\t\t\t\t\t\t<\/div>\n\t\t\t\t\t\t\t\t<div class=\"elementor-field-type-textarea elementor-field-group elementor-column elementor-field-group-field_e09a4b0 elementor-col-100\">\n\t\t\t\t\t\t\t\t\t\t\t\t<label for=\"form-field-field_e09a4b0\" class=\"elementor-field-label\">\n\t\t\t\t\t\t\t\t\u00dczenet\t\t\t\t\t\t\t<\/label>\n\t\t\t\t\t\t<textarea class=\"elementor-field-textual elementor-field  elementor-size-sm\" name=\"form_fields[field_e09a4b0]\" id=\"form-field-field_e09a4b0\" rows=\"4\" placeholder=\"\u00dczenet\"><\/textarea>\t\t\t\t<\/div>\n\t\t\t\t\t\t\t\t<div class=\"elementor-field-type-acceptance elementor-field-group elementor-column elementor-field-group-field_b073c3f elementor-col-100 elementor-field-required\">\n\t\t\t\t\t\t\t<div class=\"elementor-field-subgroup\">\n\t\t\t<span class=\"elementor-field-option\">\n\t\t\t\t<input type=\"checkbox\" name=\"form_fields[field_b073c3f]\" id=\"form-field-field_b073c3f\" class=\"elementor-field elementor-size-sm  elementor-acceptance-field\" required=\"required\">\n\t\t\t\t<label for=\"form-field-field_b073c3f\">Elolvastam \u00e9s elfogadom az <a href=\"\/adatkezelesi-tajekoztato\/ \"target=\"_blank\">adatkezel\u00e9si t\u00e1j\u00e9koztat\u00f3t.<\/a><\/label>\t\t\t<\/span>\n\t\t<\/div>\n\t\t\t\t\t\t<\/div>\n\t\t\t\t\t\t\t\t<div class=\"elementor-field-group elementor-column elementor-field-type-submit elementor-col-100 e-form__buttons\">\n\t\t\t\t\t<button class=\"elementor-button elementor-size-sm\" type=\"submit\">\n\t\t\t\t\t\t<span class=\"elementor-button-content-wrapper\">\n\t\t\t\t\t\t\t\t\t\t\t\t\t\t\t\t\t\t\t\t\t\t<span class=\"elementor-button-text\">K\u00fcld\u00e9s<\/span>\n\t\t\t\t\t\t\t\t\t\t\t\t\t<\/span>\n\t\t\t\t\t<\/button>\n\t\t\t\t<\/div>\n\t\t\t<\/div>\n\t\t<\/form>\n\t\t\t\t\t\t<\/div>\n\t\t\t\t<\/div>\n\t\t\t\t\t<\/div>\n\t\t\t\t<\/div>\n\t\t\t\t<\/div>\n\t\t","protected":false},"excerpt":{"rendered":"<p>Kapcsolat K\u00e9rd\u00e9sed van hozz\u00e1nk? B\u00e1tran keress minket el\u00e9rhet\u0151s\u00e9geink egyik\u00e9n, vagy n\u00e9zz sz\u00e9t a weboldalon tov\u00e1bbi hasznos inform\u00e1ci\u00f3k\u00e9rt! R\u00d3LUNK Szolg\u00e1ltat\u00e1sok El\u00e9rhet\u0151s\u00e9geink H\u2013P: 09:00-17:00 {{EMAIL}} {{CIM}} {{TELEFON}} \u00cdrj nek\u00fcnk! Igyeksz\u00fcnk mihamarabb feldolgozni a megkeres\u00e9sed! Csapatunk 48 \u00f3r\u00e1n bel\u00fcl v\u00e1laszol neked.<\/p>","protected":false},"author":1,"featured_media":0,"parent":0,"menu_order":0,"comment_status":"closed","ping_status":"closed","template":"elementor_header_footer","meta":{"footnotes":""},"class_list":["post-633","page","type-page","status-publish","hentry"],"yoast_head":"<!-- This site is optimized with the Yoast SEO Premium plugin v27.5 (Yoast SEO v27.5) - https:\/\/yoast.com\/product\/yoast-seo-premium-wordpress\/ -->\n<title>Kapcsolat - Green One Consulting Kft.<\/title>\n<meta name=\"robots\" content=\"index, follow, max-snippet:-1, max-image-preview:large, max-video-preview:-1\" \/>\n<link rel=\"canonical\" href=\"https:\/\/greenoneconsulting.hu\/de\/kapcsolat\/\" \/>\n<meta property=\"og:locale\" content=\"de_DE\" \/>\n<meta property=\"og:type\" content=\"article\" \/>\n<meta property=\"og:title\" content=\"Kapcsolat\" \/>\n<meta property=\"og:description\" content=\"Kapcsolat K\u00e9rd\u00e9sed van hozz\u00e1nk? B\u00e1tran keress minket el\u00e9rhet\u0151s\u00e9geink egyik\u00e9n, vagy n\u00e9zz sz\u00e9t a weboldalon tov\u00e1bbi hasznos inform\u00e1ci\u00f3k\u00e9rt! R\u00d3LUNK Szolg\u00e1ltat\u00e1sok El\u00e9rhet\u0151s\u00e9geink H\u2013P: 09:00-17:00 {{EMAIL}} {{CIM}} {{TELEFON}} \u00cdrj nek\u00fcnk! Igyeksz\u00fcnk mihamarabb feldolgozni a megkeres\u00e9sed! Csapatunk 48 \u00f3r\u00e1n bel\u00fcl v\u00e1laszol neked.\" \/>\n<meta property=\"og:url\" content=\"https:\/\/greenoneconsulting.hu\/de\/kapcsolat\/\" \/>\n<meta property=\"og:site_name\" content=\"Green One Consulting Kft.\" \/>\n<meta property=\"article:modified_time\" content=\"2026-05-04T10:16:50+00:00\" \/>\n<meta name=\"twitter:card\" content=\"summary_large_image\" \/>\n<script type=\"application\/ld+json\" class=\"yoast-schema-graph\">{\"@context\":\"https:\\\/\\\/schema.org\",\"@graph\":[{\"@type\":\"WebPage\",\"@id\":\"https:\\\/\\\/greenoneconsulting.hu\\\/kapcsolat\\\/\",\"url\":\"https:\\\/\\\/greenoneconsulting.hu\\\/kapcsolat\\\/\",\"name\":\"Kapcsolat - Green One Consulting Kft.\",\"isPartOf\":{\"@id\":\"https:\\\/\\\/greenoneconsulting.hu\\\/#website\"},\"datePublished\":\"2026-05-04T09:31:28+00:00\",\"dateModified\":\"2026-05-04T10:16:50+00:00\",\"breadcrumb\":{\"@id\":\"https:\\\/\\\/greenoneconsulting.hu\\\/kapcsolat\\\/#breadcrumb\"},\"inLanguage\":\"de\",\"potentialAction\":[{\"@type\":\"ReadAction\",\"target\":[\"https:\\\/\\\/greenoneconsulting.hu\\\/kapcsolat\\\/\"]}]},{\"@type\":\"BreadcrumbList\",\"@id\":\"https:\\\/\\\/greenoneconsulting.hu\\\/kapcsolat\\\/#breadcrumb\",\"itemListElement\":[{\"@type\":\"ListItem\",\"position\":1,\"name\":\"Kezd\u0151lap\",\"item\":\"https:\\\/\\\/greenoneconsulting.hu\\\/\"},{\"@type\":\"ListItem\",\"position\":2,\"name\":\"Kapcsolat\"}]},{\"@type\":\"WebSite\",\"@id\":\"https:\\\/\\\/greenoneconsulting.hu\\\/#website\",\"url\":\"https:\\\/\\\/greenoneconsulting.hu\\\/\",\"name\":\"Green One Consulting Kft.\",\"description\":\"\",\"publisher\":{\"@id\":\"https:\\\/\\\/greenoneconsulting.hu\\\/#organization\"},\"potentialAction\":[{\"@type\":\"SearchAction\",\"target\":{\"@type\":\"EntryPoint\",\"urlTemplate\":\"https:\\\/\\\/greenoneconsulting.hu\\\/?s={search_term_string}\"},\"query-input\":{\"@type\":\"PropertyValueSpecification\",\"valueRequired\":true,\"valueName\":\"search_term_string\"}}],\"inLanguage\":\"de\"},{\"@type\":\"Organization\",\"@id\":\"https:\\\/\\\/greenoneconsulting.hu\\\/#organization\",\"name\":\"Green One Consulting Kft.\",\"url\":\"https:\\\/\\\/greenoneconsulting.hu\\\/\",\"logo\":{\"@type\":\"ImageObject\",\"inLanguage\":\"de\",\"@id\":\"https:\\\/\\\/greenoneconsulting.hu\\\/#\\\/schema\\\/logo\\\/image\\\/\",\"url\":\"https:\\\/\\\/greenoneconsulting.hu\\\/wp-content\\\/uploads\\\/2026\\\/05\\\/cropped-cropped-partysator-logo-scaled-1.png\",\"contentUrl\":\"https:\\\/\\\/greenoneconsulting.hu\\\/wp-content\\\/uploads\\\/2026\\\/05\\\/cropped-cropped-partysator-logo-scaled-1.png\",\"width\":413,\"height\":239,\"caption\":\"Green One Consulting Kft.\"},\"image\":{\"@id\":\"https:\\\/\\\/greenoneconsulting.hu\\\/#\\\/schema\\\/logo\\\/image\\\/\"}}]}<\/script>\n<!-- \/ Yoast SEO Premium plugin. -->","yoast_head_json":{"title":"Kapcsolat - Green One Consulting Kft.","robots":{"index":"index","follow":"follow","max-snippet":"max-snippet:-1","max-image-preview":"max-image-preview:large","max-video-preview":"max-video-preview:-1"},"canonical":"https:\/\/greenoneconsulting.hu\/de\/kapcsolat\/","og_locale":"de_DE","og_type":"article","og_title":"Kapcsolat","og_description":"Kapcsolat K\u00e9rd\u00e9sed van hozz\u00e1nk? B\u00e1tran keress minket el\u00e9rhet\u0151s\u00e9geink egyik\u00e9n, vagy n\u00e9zz sz\u00e9t a weboldalon tov\u00e1bbi hasznos inform\u00e1ci\u00f3k\u00e9rt! R\u00d3LUNK Szolg\u00e1ltat\u00e1sok El\u00e9rhet\u0151s\u00e9geink H\u2013P: 09:00-17:00 {{EMAIL}} {{CIM}} {{TELEFON}} \u00cdrj nek\u00fcnk! Igyeksz\u00fcnk mihamarabb feldolgozni a megkeres\u00e9sed! Csapatunk 48 \u00f3r\u00e1n bel\u00fcl v\u00e1laszol neked.","og_url":"https:\/\/greenoneconsulting.hu\/de\/kapcsolat\/","og_site_name":"Green One Consulting Kft.","article_modified_time":"2026-05-04T10:16:50+00:00","twitter_card":"summary_large_image","schema":{"@context":"https:\/\/schema.org","@graph":[{"@type":"WebPage","@id":"https:\/\/greenoneconsulting.hu\/kapcsolat\/","url":"https:\/\/greenoneconsulting.hu\/kapcsolat\/","name":"Kapcsolat - Green One Consulting Kft.","isPartOf":{"@id":"https:\/\/greenoneconsulting.hu\/#website"},"datePublished":"2026-05-04T09:31:28+00:00","dateModified":"2026-05-04T10:16:50+00:00","breadcrumb":{"@id":"https:\/\/greenoneconsulting.hu\/kapcsolat\/#breadcrumb"},"inLanguage":"de","potentialAction":[{"@type":"ReadAction","target":["https:\/\/greenoneconsulting.hu\/kapcsolat\/"]}]},{"@type":"BreadcrumbList","@id":"https:\/\/greenoneconsulting.hu\/kapcsolat\/#breadcrumb","itemListElement":[{"@type":"ListItem","position":1,"name":"Kezd\u0151lap","item":"https:\/\/greenoneconsulting.hu\/"},{"@type":"ListItem","position":2,"name":"Kapcsolat"}]},{"@type":"WebSite","@id":"https:\/\/greenoneconsulting.hu\/#website","url":"https:\/\/greenoneconsulting.hu\/","name":"Green One Consulting Kft.","description":"","publisher":{"@id":"https:\/\/greenoneconsulting.hu\/#organization"},"potentialAction":[{"@type":"SearchAction","target":{"@type":"EntryPoint","urlTemplate":"https:\/\/greenoneconsulting.hu\/?s={search_term_string}"},"query-input":{"@type":"PropertyValueSpecification","valueRequired":true,"valueName":"search_term_string"}}],"inLanguage":"de"},{"@type":"Organization","@id":"https:\/\/greenoneconsulting.hu\/#organization","name":"Green One Consulting Kft.","url":"https:\/\/greenoneconsulting.hu\/","logo":{"@type":"ImageObject","inLanguage":"de","@id":"https:\/\/greenoneconsulting.hu\/#\/schema\/logo\/image\/","url":"https:\/\/greenoneconsulting.hu\/wp-content\/uploads\/2026\/05\/cropped-cropped-partysator-logo-scaled-1.png","contentUrl":"https:\/\/greenoneconsulting.hu\/wp-content\/uploads\/2026\/05\/cropped-cropped-partysator-logo-scaled-1.png","width":413,"height":239,"caption":"Green One Consulting Kft."},"image":{"@id":"https:\/\/greenoneconsulting.hu\/#\/schema\/logo\/image\/"}}]}},"_links":{"self":[{"href":"https:\/\/greenoneconsulting.hu\/de\/wp-json\/wp\/v2\/pages\/633","targetHints":{"allow":["GET"]}}],"collection":[{"href":"https:\/\/greenoneconsulting.hu\/de\/wp-json\/wp\/v2\/pages"}],"about":[{"href":"https:\/\/greenoneconsulting.hu\/de\/wp-json\/wp\/v2\/types\/page"}],"author":[{"embeddable":true,"href":"https:\/\/greenoneconsulting.hu\/de\/wp-json\/wp\/v2\/users\/1"}],"replies":[{"embeddable":true,"href":"https:\/\/greenoneconsulting.hu\/de\/wp-json\/wp\/v2\/comments?post=633"}],"version-history":[{"count":10,"href":"https:\/\/greenoneconsulting.hu\/de\/wp-json\/wp\/v2\/pages\/633\/revisions"}],"predecessor-version":[{"id":705,"href":"https:\/\/greenoneconsulting.hu\/de\/wp-json\/wp\/v2\/pages\/633\/revisions\/705"}],"wp:attachment":[{"href":"https:\/\/greenoneconsulting.hu\/de\/wp-json\/wp\/v2\/media?parent=633"}],"curies":[{"name":"wp","href":"https:\/\/api.w.org\/{rel}","templated":true}]}}