{"id":738,"date":"2026-05-04T12:50:29","date_gmt":"2026-05-04T10:50:29","guid":{"rendered":"https:\/\/greenoneconsulting.hu\/?page_id=738"},"modified":"2026-05-04T12:51:10","modified_gmt":"2026-05-04T10:51:10","slug":"impresszum","status":"publish","type":"page","link":"https:\/\/greenoneconsulting.hu\/de\/impresszum\/","title":{"rendered":"Impressum"},"content":{"rendered":"<div data-elementor-type=\"wp-page\" data-elementor-id=\"738\" class=\"elementor elementor-738\" data-elementor-post-type=\"page\">\n\t\t\t\t<div class=\"elementor-element elementor-element-7e05031d e-flex e-con-boxed e-con e-parent\" data-id=\"7e05031d\" data-element_type=\"container\" data-e-type=\"container\">\n\t\t\t\t\t<div class=\"e-con-inner\">\n\t\t\t\t<div class=\"elementor-element elementor-element-6552667d elementor-widget elementor-widget-heading\" data-id=\"6552667d\" data-element_type=\"widget\" data-e-type=\"widget\" data-widget_type=\"heading.default\">\n\t\t\t\t\t<h1 class=\"elementor-heading-title elementor-size-default\">IMPRESSZUM<\/h1>\t\t\t\t<\/div>\n\t\t\t\t<div class=\"elementor-element elementor-element-3cb9ad2e elementor-widget elementor-widget-text-editor\" data-id=\"3cb9ad2e\" data-element_type=\"widget\" data-e-type=\"widget\" data-widget_type=\"text-editor.default\">\n\t\t\t\t\t\t\t\t\t<p style='font-size:15px;line-height:1.8;color:#444444;margin-bottom:12px;'><strong>A szolg\u00e1ltat\u00f3 (\u00fczemeltet\u0151) adatai:<\/strong><\/p>\t\t\t\t\t\t\t\t<\/div>\n\t\t\t\t<div class=\"elementor-element elementor-element-3970159a elementor-widget elementor-widget-text-editor\" data-id=\"3970159a\" data-element_type=\"widget\" data-e-type=\"widget\" data-widget_type=\"text-editor.default\">\n\t\t\t\t\t\t\t\t\t<p style='font-size:15px;line-height:1.8;color:#444444;margin-bottom:12px;'>N\u00e9v:\u00a0{{CEG_NEV}}<\/p>\t\t\t\t\t\t\t\t<\/div>\n\t\t\t\t<div class=\"elementor-element elementor-element-2c40081 elementor-widget elementor-widget-text-editor\" data-id=\"2c40081\" data-element_type=\"widget\" data-e-type=\"widget\" data-widget_type=\"text-editor.default\">\n\t\t\t\t\t\t\t\t\t<p style='font-size:15px;line-height:1.8;color:#444444;margin-bottom:12px;'>Sz\u00e9khely:\u00a0{{CEG_CIM}}<\/p>\t\t\t\t\t\t\t\t<\/div>\n\t\t\t\t<div class=\"elementor-element elementor-element-77f80516 elementor-widget elementor-widget-text-editor\" data-id=\"77f80516\" data-element_type=\"widget\" data-e-type=\"widget\" data-widget_type=\"text-editor.default\">\n\t\t\t\t\t\t\t\t\t<p style='font-size:15px;line-height:1.8;color:#444444;margin-bottom:12px;'>Levelez\u00e9si c\u00edm:\u00a0{{CEG_CIM}}<\/p>\t\t\t\t\t\t\t\t<\/div>\n\t\t\t\t<div class=\"elementor-element elementor-element-389986b2 elementor-widget elementor-widget-text-editor\" data-id=\"389986b2\" data-element_type=\"widget\" data-e-type=\"widget\" data-widget_type=\"text-editor.default\">\n\t\t\t\t\t\t\t\t\t<p style='font-size:15px;line-height:1.8;color:#444444;margin-bottom:12px;'>Ad\u00f3sz\u00e1m:\u00a0{{CEG_ADOSZAM}}<\/p>\t\t\t\t\t\t\t\t<\/div>\n\t\t\t\t<div class=\"elementor-element elementor-element-6bf830 elementor-widget elementor-widget-text-editor\" data-id=\"6bf830\" data-element_type=\"widget\" data-e-type=\"widget\" data-widget_type=\"text-editor.default\">\n\t\t\t\t\t\t\t\t\t<p style='font-size:15px;line-height:1.8;color:#444444;margin-bottom:12px;'>C\u00e9gjegyz\u00e9ksz\u00e1m:\u00a0{{CEG_CEGJEGYZEK}} vagy <\/p>\t\t\t\t\t\t\t\t<\/div>\n\t\t\t\t<div class=\"elementor-element elementor-element-49f7b4ef elementor-widget elementor-widget-text-editor\" data-id=\"49f7b4ef\" data-element_type=\"widget\" data-e-type=\"widget\" data-widget_type=\"text-editor.default\">\n\t\t\t\t\t\t\t\t\t<p style='font-size:15px;line-height:1.8;color:#444444;margin-bottom:12px;'>EV nyilv\u00e1ntart\u00e1si sz\u00e1m: 00000000<\/p>\t\t\t\t\t\t\t\t<\/div>\n\t\t\t\t<div class=\"elementor-element elementor-element-2d8f6a7a elementor-widget elementor-widget-text-editor\" data-id=\"2d8f6a7a\" data-element_type=\"widget\" data-e-type=\"widget\" data-widget_type=\"text-editor.default\">\n\t\t\t\t\t\t\t\t\t<p style='font-size:15px;line-height:1.8;color:#444444;margin-bottom:12px;'>Nyilv\u00e1ntart\u00e1sba vev\u0151 hat\u00f3s\u00e1g neve:\u00a0&#8230;&#8230;.. C\u00e9gb\u00edr\u00f3s\u00e1g vagy EV eset\u00e9n: Bel\u00fcgyminiszt\u00e9rium<\/p>\t\t\t\t\t\t\t\t<\/div>\n\t\t\t\t<div class=\"elementor-element elementor-element-72b3dc21 elementor-widget elementor-widget-text-editor\" data-id=\"72b3dc21\" data-element_type=\"widget\" data-e-type=\"widget\" data-widget_type=\"text-editor.default\">\n\t\t\t\t\t\t\t\t\t<p style='font-size:15px;line-height:1.8;color:#444444;margin-bottom:12px;'>Banksz\u00e1mlasz\u00e1m: 00000000-00000000-00000000<\/p>\t\t\t\t\t\t\t\t<\/div>\n\t\t\t\t<div class=\"elementor-element elementor-element-6c4453a0 elementor-widget elementor-widget-text-editor\" data-id=\"6c4453a0\" data-element_type=\"widget\" data-e-type=\"widget\" data-widget_type=\"text-editor.default\">\n\t\t\t\t\t\t\t\t\t<p style='font-size:15px;line-height:1.8;color:#444444;margin-bottom:12px;'>K\u00e9pvisel\u0151 neve:\u00a0XY<\/p>\t\t\t\t\t\t\t\t<\/div>\n\t\t\t\t<div class=\"elementor-element elementor-element-35b2b4fc elementor-widget elementor-widget-text-editor\" data-id=\"35b2b4fc\" data-element_type=\"widget\" data-e-type=\"widget\" data-widget_type=\"text-editor.default\">\n\t\t\t\t\t\t\t\t\t<p style='font-size:15px;line-height:1.8;color:#444444;margin-bottom:12px;'>Honlap c\u00edme: {{DOMAIN}}<\/p>\t\t\t\t\t\t\t\t<\/div>\n\t\t\t\t<div class=\"elementor-element elementor-element-1f38ea9 elementor-widget elementor-widget-text-editor\" data-id=\"1f38ea9\" data-element_type=\"widget\" data-e-type=\"widget\" data-widget_type=\"text-editor.default\">\n\t\t\t\t\t\t\t\t\t<p style='font-size:15px;line-height:1.8;color:#444444;margin-bottom:12px;'>E-mail c\u00edm: {{ADMIN_EMAIL}}<\/p>\t\t\t\t\t\t\t\t<\/div>\n\t\t\t\t<div class=\"elementor-element elementor-element-5619efeb elementor-widget elementor-widget-text-editor\" data-id=\"5619efeb\" data-element_type=\"widget\" data-e-type=\"widget\" data-widget_type=\"text-editor.default\">\n\t\t\t\t\t\t\t\t\t<p style='font-size:15px;line-height:1.8;color:#444444;margin-bottom:12px;'>Telefonsz\u00e1m: +36 00\u00a0000 0000<\/p>\t\t\t\t\t\t\t\t<\/div>\n\t\t\t\t<div class=\"elementor-element elementor-element-25b982bb elementor-widget elementor-widget-text-editor\" data-id=\"25b982bb\" data-element_type=\"widget\" data-e-type=\"widget\" data-widget_type=\"text-editor.default\">\n\t\t\t\t\t\t\t\t\t<p style='font-size:15px;line-height:1.8;color:#444444;margin-bottom:12px;'><strong>T<\/strong><strong>\u00e1rhelyszolg\u00e1ltat\u00f3<\/strong><strong>:<\/strong><\/p>\t\t\t\t\t\t\t\t<\/div>\n\t\t\t\t<div class=\"elementor-element elementor-element-62d084f2 elementor-widget elementor-widget-text-editor\" data-id=\"62d084f2\" data-element_type=\"widget\" data-e-type=\"widget\" data-widget_type=\"text-editor.default\">\n\t\t\t\t\t\t\t\t\t<p style='font-size:15px;line-height:1.8;color:#444444;margin-bottom:12px;'>N\u00e9v: DR\u00c1VANET Internet szolg\u00e1ltat\u00f3 Z\u00e1rtk\u00f6r\u0171en M\u0171k\u00f6d\u0151 R\u00e9szv\u00e9nyt\u00e1rsas\u00e1g<\/p>\t\t\t\t\t\t\t\t<\/div>\n\t\t\t\t<div class=\"elementor-element elementor-element-3e348d03 elementor-widget elementor-widget-text-editor\" data-id=\"3e348d03\" data-element_type=\"widget\" data-e-type=\"widget\" data-widget_type=\"text-editor.default\">\n\t\t\t\t\t\t\t\t\t<p style='font-size:15px;line-height:1.8;color:#444444;margin-bottom:12px;'>Sz\u00e9khely: 7624 P\u00e9cs, Budai Nagy Antal utca 1.<\/p>\t\t\t\t\t\t\t\t<\/div>\n\t\t\t\t<div class=\"elementor-element elementor-element-3f40612a elementor-widget elementor-widget-text-editor\" data-id=\"3f40612a\" data-element_type=\"widget\" data-e-type=\"widget\" data-widget_type=\"text-editor.default\">\n\t\t\t\t\t\t\t\t\t<p style='font-size:15px;line-height:1.8;color:#444444;margin-bottom:12px;'>E-mail: info@dravanet.hu<\/p>\t\t\t\t\t\t\t\t<\/div>\n\t\t\t\t<div class=\"elementor-element elementor-element-66b8f24f elementor-widget elementor-widget-text-editor\" data-id=\"66b8f24f\" data-element_type=\"widget\" data-e-type=\"widget\" data-widget_type=\"text-editor.default\">\n\t\t\t\t\t\t\t\t\t<p style='font-size:15px;line-height:1.8;color:#444444;margin-bottom:12px;'>Telefonsz\u00e1m: 06-80-811-118<\/p>\t\t\t\t\t\t\t\t<\/div>\n\t\t\t\t<div class=\"elementor-element elementor-element-32b74443 elementor-widget elementor-widget-text-editor\" data-id=\"32b74443\" data-element_type=\"widget\" data-e-type=\"widget\" data-widget_type=\"text-editor.default\">\n\t\t\t\t\t\t\t\t\t<p style='font-size:15px;line-height:1.8;color:#444444;margin-bottom:12px;'>Weboldal: <\/p>\t\t\t\t\t\t\t\t<\/div>\n\t\t\t\t\t<\/div>\n\t\t\t\t<\/div>\n\t\t\t\t<\/div>","protected":false},"excerpt":{"rendered":"<p>IMPRESSZUM A szolg\u00e1ltat\u00f3 (\u00fczemeltet\u0151) adatai: N\u00e9v:\u00a0{{CEG_NEV}} Sz\u00e9khely:\u00a0{{CEG_CIM}} Levelez\u00e9si c\u00edm:\u00a0{{CEG_CIM}} Ad\u00f3sz\u00e1m:\u00a0{{CEG_ADOSZAM}} C\u00e9gjegyz\u00e9ksz\u00e1m:\u00a0{{CEG_CEGJEGYZEK}} vagy EV nyilv\u00e1ntart\u00e1si sz\u00e1m: 00000000 Nyilv\u00e1ntart\u00e1sba vev\u0151 hat\u00f3s\u00e1g neve:\u00a0&#8230;&#8230;.. C\u00e9gb\u00edr\u00f3s\u00e1g vagy EV eset\u00e9n: Bel\u00fcgyminiszt\u00e9rium Banksz\u00e1mlasz\u00e1m: 00000000-00000000-00000000 K\u00e9pvisel\u0151 neve:\u00a0XY Honlap c\u00edme: {{DOMAIN}} E-mail c\u00edm: {{ADMIN_EMAIL}} Telefonsz\u00e1m: +36 00\u00a0000 0000 T\u00e1rhelyszolg\u00e1ltat\u00f3: N\u00e9v: DR\u00c1VANET Internet szolg\u00e1ltat\u00f3 Z\u00e1rtk\u00f6r\u0171en M\u0171k\u00f6d\u0151 R\u00e9szv\u00e9nyt\u00e1rsas\u00e1g Sz\u00e9khely: 7624 P\u00e9cs, Budai Nagy Antal utca 1. [&hellip;]<\/p>\n","protected":false},"author":1,"featured_media":0,"parent":0,"menu_order":0,"comment_status":"closed","ping_status":"closed","template":"elementor_header_footer","meta":{"footnotes":""},"class_list":["post-738","page","type-page","status-publish","hentry"],"yoast_head":"<!-- This site is optimized with the Yoast SEO Premium plugin v27.5 (Yoast SEO v27.5) - https:\/\/yoast.com\/product\/yoast-seo-premium-wordpress\/ -->\n<title>Impresszum - Green One Consulting Kft.<\/title>\n<meta name=\"robots\" content=\"index, follow, max-snippet:-1, max-image-preview:large, max-video-preview:-1\" \/>\n<link rel=\"canonical\" href=\"https:\/\/greenoneconsulting.hu\/de\/impresszum\/\" \/>\n<meta property=\"og:locale\" content=\"de_DE\" \/>\n<meta property=\"og:type\" content=\"article\" \/>\n<meta property=\"og:title\" content=\"Impresszum\" \/>\n<meta property=\"og:description\" content=\"IMPRESSZUM A szolg\u00e1ltat\u00f3 (\u00fczemeltet\u0151) adatai: N\u00e9v:\u00a0{{CEG_NEV}} Sz\u00e9khely:\u00a0{{CEG_CIM}} Levelez\u00e9si c\u00edm:\u00a0{{CEG_CIM}} Ad\u00f3sz\u00e1m:\u00a0{{CEG_ADOSZAM}} C\u00e9gjegyz\u00e9ksz\u00e1m:\u00a0{{CEG_CEGJEGYZEK}} vagy EV nyilv\u00e1ntart\u00e1si sz\u00e1m: 00000000 Nyilv\u00e1ntart\u00e1sba vev\u0151 hat\u00f3s\u00e1g neve:\u00a0&#8230;&#8230;.. C\u00e9gb\u00edr\u00f3s\u00e1g vagy EV eset\u00e9n: Bel\u00fcgyminiszt\u00e9rium Banksz\u00e1mlasz\u00e1m: 00000000-00000000-00000000 K\u00e9pvisel\u0151 neve:\u00a0XY Honlap c\u00edme: {{DOMAIN}} E-mail c\u00edm: {{ADMIN_EMAIL}} Telefonsz\u00e1m: +36 00\u00a0000 0000 T\u00e1rhelyszolg\u00e1ltat\u00f3: N\u00e9v: DR\u00c1VANET Internet szolg\u00e1ltat\u00f3 Z\u00e1rtk\u00f6r\u0171en M\u0171k\u00f6d\u0151 R\u00e9szv\u00e9nyt\u00e1rsas\u00e1g Sz\u00e9khely: 7624 P\u00e9cs, Budai Nagy Antal utca 1. [&hellip;]\" \/>\n<meta property=\"og:url\" content=\"https:\/\/greenoneconsulting.hu\/de\/impresszum\/\" \/>\n<meta property=\"og:site_name\" content=\"Green One Consulting Kft.\" \/>\n<meta property=\"article:modified_time\" content=\"2026-05-04T10:51:10+00:00\" \/>\n<meta name=\"twitter:card\" content=\"summary_large_image\" \/>\n<meta name=\"twitter:label1\" content=\"Gesch\u00e4tzte Lesezeit\" \/>\n\t<meta name=\"twitter:data1\" content=\"1\u00a0Minute\" \/>\n<script type=\"application\/ld+json\" class=\"yoast-schema-graph\">{\"@context\":\"https:\\\/\\\/schema.org\",\"@graph\":[{\"@type\":\"WebPage\",\"@id\":\"https:\\\/\\\/greenoneconsulting.hu\\\/impresszum\\\/\",\"url\":\"https:\\\/\\\/greenoneconsulting.hu\\\/impresszum\\\/\",\"name\":\"Impresszum - Green One Consulting Kft.\",\"isPartOf\":{\"@id\":\"https:\\\/\\\/greenoneconsulting.hu\\\/#website\"},\"datePublished\":\"2026-05-04T10:50:29+00:00\",\"dateModified\":\"2026-05-04T10:51:10+00:00\",\"breadcrumb\":{\"@id\":\"https:\\\/\\\/greenoneconsulting.hu\\\/impresszum\\\/#breadcrumb\"},\"inLanguage\":\"de\",\"potentialAction\":[{\"@type\":\"ReadAction\",\"target\":[\"https:\\\/\\\/greenoneconsulting.hu\\\/impresszum\\\/\"]}]},{\"@type\":\"BreadcrumbList\",\"@id\":\"https:\\\/\\\/greenoneconsulting.hu\\\/impresszum\\\/#breadcrumb\",\"itemListElement\":[{\"@type\":\"ListItem\",\"position\":1,\"name\":\"Kezd\u0151lap\",\"item\":\"https:\\\/\\\/greenoneconsulting.hu\\\/\"},{\"@type\":\"ListItem\",\"position\":2,\"name\":\"Impresszum\"}]},{\"@type\":\"WebSite\",\"@id\":\"https:\\\/\\\/greenoneconsulting.hu\\\/#website\",\"url\":\"https:\\\/\\\/greenoneconsulting.hu\\\/\",\"name\":\"Green One Consulting Kft.\",\"description\":\"\",\"publisher\":{\"@id\":\"https:\\\/\\\/greenoneconsulting.hu\\\/#organization\"},\"potentialAction\":[{\"@type\":\"SearchAction\",\"target\":{\"@type\":\"EntryPoint\",\"urlTemplate\":\"https:\\\/\\\/greenoneconsulting.hu\\\/?s={search_term_string}\"},\"query-input\":{\"@type\":\"PropertyValueSpecification\",\"valueRequired\":true,\"valueName\":\"search_term_string\"}}],\"inLanguage\":\"de\"},{\"@type\":\"Organization\",\"@id\":\"https:\\\/\\\/greenoneconsulting.hu\\\/#organization\",\"name\":\"Green One Consulting Kft.\",\"url\":\"https:\\\/\\\/greenoneconsulting.hu\\\/\",\"logo\":{\"@type\":\"ImageObject\",\"inLanguage\":\"de\",\"@id\":\"https:\\\/\\\/greenoneconsulting.hu\\\/#\\\/schema\\\/logo\\\/image\\\/\",\"url\":\"https:\\\/\\\/greenoneconsulting.hu\\\/wp-content\\\/uploads\\\/2026\\\/05\\\/cropped-cropped-partysator-logo-scaled-1.png\",\"contentUrl\":\"https:\\\/\\\/greenoneconsulting.hu\\\/wp-content\\\/uploads\\\/2026\\\/05\\\/cropped-cropped-partysator-logo-scaled-1.png\",\"width\":413,\"height\":239,\"caption\":\"Green One Consulting Kft.\"},\"image\":{\"@id\":\"https:\\\/\\\/greenoneconsulting.hu\\\/#\\\/schema\\\/logo\\\/image\\\/\"}}]}<\/script>\n<!-- \/ Yoast SEO Premium plugin. -->","yoast_head_json":{"title":"Impresszum - Green One Consulting Kft.","robots":{"index":"index","follow":"follow","max-snippet":"max-snippet:-1","max-image-preview":"max-image-preview:large","max-video-preview":"max-video-preview:-1"},"canonical":"https:\/\/greenoneconsulting.hu\/de\/impresszum\/","og_locale":"de_DE","og_type":"article","og_title":"Impresszum","og_description":"IMPRESSZUM A szolg\u00e1ltat\u00f3 (\u00fczemeltet\u0151) adatai: N\u00e9v:\u00a0{{CEG_NEV}} Sz\u00e9khely:\u00a0{{CEG_CIM}} Levelez\u00e9si c\u00edm:\u00a0{{CEG_CIM}} Ad\u00f3sz\u00e1m:\u00a0{{CEG_ADOSZAM}} C\u00e9gjegyz\u00e9ksz\u00e1m:\u00a0{{CEG_CEGJEGYZEK}} vagy EV nyilv\u00e1ntart\u00e1si sz\u00e1m: 00000000 Nyilv\u00e1ntart\u00e1sba vev\u0151 hat\u00f3s\u00e1g neve:\u00a0&#8230;&#8230;.. C\u00e9gb\u00edr\u00f3s\u00e1g vagy EV eset\u00e9n: Bel\u00fcgyminiszt\u00e9rium Banksz\u00e1mlasz\u00e1m: 00000000-00000000-00000000 K\u00e9pvisel\u0151 neve:\u00a0XY Honlap c\u00edme: {{DOMAIN}} E-mail c\u00edm: {{ADMIN_EMAIL}} Telefonsz\u00e1m: +36 00\u00a0000 0000 T\u00e1rhelyszolg\u00e1ltat\u00f3: N\u00e9v: DR\u00c1VANET Internet szolg\u00e1ltat\u00f3 Z\u00e1rtk\u00f6r\u0171en M\u0171k\u00f6d\u0151 R\u00e9szv\u00e9nyt\u00e1rsas\u00e1g Sz\u00e9khely: 7624 P\u00e9cs, Budai Nagy Antal utca 1. [&hellip;]","og_url":"https:\/\/greenoneconsulting.hu\/de\/impresszum\/","og_site_name":"Green One Consulting Kft.","article_modified_time":"2026-05-04T10:51:10+00:00","twitter_card":"summary_large_image","twitter_misc":{"Gesch\u00e4tzte Lesezeit":"1\u00a0Minute"},"schema":{"@context":"https:\/\/schema.org","@graph":[{"@type":"WebPage","@id":"https:\/\/greenoneconsulting.hu\/impresszum\/","url":"https:\/\/greenoneconsulting.hu\/impresszum\/","name":"Impresszum - Green One Consulting Kft.","isPartOf":{"@id":"https:\/\/greenoneconsulting.hu\/#website"},"datePublished":"2026-05-04T10:50:29+00:00","dateModified":"2026-05-04T10:51:10+00:00","breadcrumb":{"@id":"https:\/\/greenoneconsulting.hu\/impresszum\/#breadcrumb"},"inLanguage":"de","potentialAction":[{"@type":"ReadAction","target":["https:\/\/greenoneconsulting.hu\/impresszum\/"]}]},{"@type":"BreadcrumbList","@id":"https:\/\/greenoneconsulting.hu\/impresszum\/#breadcrumb","itemListElement":[{"@type":"ListItem","position":1,"name":"Kezd\u0151lap","item":"https:\/\/greenoneconsulting.hu\/"},{"@type":"ListItem","position":2,"name":"Impresszum"}]},{"@type":"WebSite","@id":"https:\/\/greenoneconsulting.hu\/#website","url":"https:\/\/greenoneconsulting.hu\/","name":"Green One Consulting Kft.","description":"","publisher":{"@id":"https:\/\/greenoneconsulting.hu\/#organization"},"potentialAction":[{"@type":"SearchAction","target":{"@type":"EntryPoint","urlTemplate":"https:\/\/greenoneconsulting.hu\/?s={search_term_string}"},"query-input":{"@type":"PropertyValueSpecification","valueRequired":true,"valueName":"search_term_string"}}],"inLanguage":"de"},{"@type":"Organization","@id":"https:\/\/greenoneconsulting.hu\/#organization","name":"Green One Consulting Kft.","url":"https:\/\/greenoneconsulting.hu\/","logo":{"@type":"ImageObject","inLanguage":"de","@id":"https:\/\/greenoneconsulting.hu\/#\/schema\/logo\/image\/","url":"https:\/\/greenoneconsulting.hu\/wp-content\/uploads\/2026\/05\/cropped-cropped-partysator-logo-scaled-1.png","contentUrl":"https:\/\/greenoneconsulting.hu\/wp-content\/uploads\/2026\/05\/cropped-cropped-partysator-logo-scaled-1.png","width":413,"height":239,"caption":"Green One Consulting Kft."},"image":{"@id":"https:\/\/greenoneconsulting.hu\/#\/schema\/logo\/image\/"}}]}},"_links":{"self":[{"href":"https:\/\/greenoneconsulting.hu\/de\/wp-json\/wp\/v2\/pages\/738","targetHints":{"allow":["GET"]}}],"collection":[{"href":"https:\/\/greenoneconsulting.hu\/de\/wp-json\/wp\/v2\/pages"}],"about":[{"href":"https:\/\/greenoneconsulting.hu\/de\/wp-json\/wp\/v2\/types\/page"}],"author":[{"embeddable":true,"href":"https:\/\/greenoneconsulting.hu\/de\/wp-json\/wp\/v2\/users\/1"}],"replies":[{"embeddable":true,"href":"https:\/\/greenoneconsulting.hu\/de\/wp-json\/wp\/v2\/comments?post=738"}],"version-history":[{"count":4,"href":"https:\/\/greenoneconsulting.hu\/de\/wp-json\/wp\/v2\/pages\/738\/revisions"}],"predecessor-version":[{"id":744,"href":"https:\/\/greenoneconsulting.hu\/de\/wp-json\/wp\/v2\/pages\/738\/revisions\/744"}],"wp:attachment":[{"href":"https:\/\/greenoneconsulting.hu\/de\/wp-json\/wp\/v2\/media?parent=738"}],"curies":[{"name":"wp","href":"https:\/\/api.w.org\/{rel}","templated":true}]}}