{"id":670,"date":"2026-05-04T11:59:06","date_gmt":"2026-05-04T09:59:06","guid":{"rendered":"https:\/\/greenoneconsulting.hu\/?page_id=670"},"modified":"2026-05-04T12:05:16","modified_gmt":"2026-05-04T10:05:16","slug":"szolgaltatas-sablon","status":"publish","type":"page","link":"https:\/\/greenoneconsulting.hu\/en\/szolgaltatas-sablon\/","title":{"rendered":"Service Template"},"content":{"rendered":"\t\t<div data-elementor-type=\"wp-page\" data-elementor-id=\"670\" class=\"elementor elementor-670\" data-elementor-post-type=\"page\">\n\t\t\t\t<div class=\"elementor-element elementor-element-92c2283 e-flex e-con-boxed e-con e-parent\" data-id=\"92c2283\" data-element_type=\"container\" data-e-type=\"container\" data-settings=\"{&quot;background_background&quot;:&quot;classic&quot;}\">\n\t\t\t\t\t<div class=\"e-con-inner\">\n\t\t\t\t<div class=\"elementor-element elementor-element-79fc3dd1 elementor-widget__width-initial elementor-widget elementor-widget-heading\" data-id=\"79fc3dd1\" data-element_type=\"widget\" data-e-type=\"widget\" data-widget_type=\"heading.default\">\n\t\t\t\t\t<h2 class=\"elementor-heading-title elementor-size-default\">{{SZOLGALTATAS_NEVE}}<\/h2>\t\t\t\t<\/div>\n\t\t\t\t<div class=\"elementor-element elementor-element-7e86a434 elementor-widget__width-initial elementor-widget elementor-widget-text-editor\" data-id=\"7e86a434\" data-element_type=\"widget\" data-e-type=\"widget\" data-widget_type=\"text-editor.default\">\n\t\t\t\t\t\t\t\t\t<p>{{SZOLGALTATAS_LEIRAS_HOSSZU}}<\/p>\t\t\t\t\t\t\t\t<\/div>\n\t\t\t\t<div class=\"elementor-element elementor-element-90bf8fc elementor-widget elementor-widget-image\" data-id=\"90bf8fc\" data-element_type=\"widget\" data-e-type=\"widget\" data-widget_type=\"image.default\">\n\t\t\t\t\t\t\t\t\t\t\t\t\t\t\t<img fetchpriority=\"high\" decoding=\"async\" width=\"1920\" height=\"540\" src=\"https:\/\/greenoneconsulting.hu\/wp-content\/uploads\/2026\/05\/Kep-19.webp\" class=\"attachment-full size-full wp-image-31\" alt=\"\" srcset=\"https:\/\/greenoneconsulting.hu\/wp-content\/uploads\/2026\/05\/Kep-19.webp 1920w, https:\/\/greenoneconsulting.hu\/wp-content\/uploads\/2026\/05\/Kep-19-300x84.webp 300w, https:\/\/greenoneconsulting.hu\/wp-content\/uploads\/2026\/05\/Kep-19-1024x288.webp 1024w, https:\/\/greenoneconsulting.hu\/wp-content\/uploads\/2026\/05\/Kep-19-768x216.webp 768w, https:\/\/greenoneconsulting.hu\/wp-content\/uploads\/2026\/05\/Kep-19-1536x432.webp 1536w\" sizes=\"(max-width: 1920px) 100vw, 1920px\" \/>\t\t\t\t\t\t\t\t\t\t\t\t\t\t\t<\/div>\n\t\t\t\t\t<\/div>\n\t\t\t\t<\/div>\n\t\t<div class=\"elementor-element elementor-element-1526fc83 e-flex e-con-boxed e-con e-parent\" data-id=\"1526fc83\" data-element_type=\"container\" data-e-type=\"container\">\n\t\t\t\t\t<div class=\"e-con-inner\">\n\t\t\t\t<div class=\"elementor-element elementor-element-f2b42ab elementor-widget__width-initial elementor-widget elementor-widget-heading\" data-id=\"f2b42ab\" data-element_type=\"widget\" data-e-type=\"widget\" data-widget_type=\"heading.default\">\n\t\t\t\t\t<h2 class=\"elementor-heading-title elementor-size-default\">Dolgozn\u00e1l vel\u00fcnk?\n<\/h2>\t\t\t\t<\/div>\n\t\t\t\t<div class=\"elementor-element elementor-element-6555d1d9 elementor-widget__width-initial elementor-widget elementor-widget-text-editor\" data-id=\"6555d1d9\" data-element_type=\"widget\" data-e-type=\"widget\" data-widget_type=\"text-editor.default\">\n\t\t\t\t\t\t\t\t\t<p>Partnert, megold\u00e1st keresel?<br \/>Tov\u00e1bbi inform\u00e1ci\u00f3ra lenne sz\u00fcks\u00e9ged? <br \/>\u00cdrj nek\u00fcnk !<\/p>\t\t\t\t\t\t\t\t<\/div>\n\t\t\t\t<div class=\"elementor-element elementor-element-66e70788 elementor-widget-tablet__width-inherit elementor-button-align-center elementor-widget__width-initial elementor-widget elementor-widget-form\" data-id=\"66e70788\" data-element_type=\"widget\" data-e-type=\"widget\" data-settings=\"{&quot;step_next_label&quot;:&quot;K\\u00f6vetkez\\u0151&quot;,&quot;step_previous_label&quot;:&quot;El\\u0151z\\u0151&quot;,&quot;step_type&quot;:&quot;number_text&quot;,&quot;step_icon_shape&quot;:&quot;circle&quot;}\" data-widget_type=\"form.default\">\n\t\t\t\t\t\t\t<form class=\"elementor-form\" method=\"post\" name=\"\u00daj \u0171rlap\" aria-label=\"\u00daj \u0171rlap\">\n\t\t\t<input type=\"hidden\" name=\"post_id\" value=\"670\"\/>\n\t\t\t<input type=\"hidden\" name=\"form_id\" value=\"66e70788\"\/>\n\t\t\t<input type=\"hidden\" name=\"referer_title\" value=\"Szolgaltatas Sablon - Green One Consulting Kft.\" \/>\n\n\t\t\t\t\t\t\t<input type=\"hidden\" name=\"queried_id\" value=\"670\"\/>\n\t\t\t\n\t\t\t<div class=\"elementor-form-fields-wrapper elementor-labels-\">\n\t\t\t\t\t\t\t\t<div class=\"elementor-field-type-text elementor-field-group elementor-column elementor-field-group-field_866aa75 elementor-col-50 elementor-field-required\">\n\t\t\t\t\t\t\t\t\t\t\t\t<label for=\"form-field-field_866aa75\" class=\"elementor-field-label elementor-screen-only\">\n\t\t\t\t\t\t\t\tTeljes n\u00e9v\t\t\t\t\t\t\t<\/label>\n\t\t\t\t\t\t\t\t\t\t\t\t\t\t<input size=\"1\" type=\"text\" name=\"form_fields[field_866aa75]\" id=\"form-field-field_866aa75\" class=\"elementor-field elementor-size-sm  elementor-field-textual\" placeholder=\"Teljes n\u00e9v\" required=\"required\">\n\t\t\t\t\t\t\t\t\t\t\t<\/div>\n\t\t\t\t\t\t\t\t<div class=\"elementor-field-type-text elementor-field-group elementor-column elementor-field-group-field_5cb22f7 elementor-col-50 elementor-field-required\">\n\t\t\t\t\t\t\t\t\t\t\t\t<label for=\"form-field-field_5cb22f7\" class=\"elementor-field-label elementor-screen-only\">\n\t\t\t\t\t\t\t\tC\u00e9gn\u00e9v\t\t\t\t\t\t\t<\/label>\n\t\t\t\t\t\t\t\t\t\t\t\t\t\t<input size=\"1\" type=\"text\" name=\"form_fields[field_5cb22f7]\" id=\"form-field-field_5cb22f7\" class=\"elementor-field elementor-size-sm  elementor-field-textual\" placeholder=\"C\u00e9gn\u00e9v\" required=\"required\">\n\t\t\t\t\t\t\t\t\t\t\t<\/div>\n\t\t\t\t\t\t\t\t<div class=\"elementor-field-type-email elementor-field-group elementor-column elementor-field-group-name elementor-col-50 elementor-field-required\">\n\t\t\t\t\t\t\t\t\t\t\t\t<label for=\"form-field-name\" class=\"elementor-field-label elementor-screen-only\">\n\t\t\t\t\t\t\t\tE-mail c\u00edm\t\t\t\t\t\t\t<\/label>\n\t\t\t\t\t\t\t\t\t\t\t\t\t\t<input size=\"1\" type=\"email\" name=\"form_fields[name]\" id=\"form-field-name\" class=\"elementor-field elementor-size-sm  elementor-field-textual\" placeholder=\"E-mail c\u00edm\" required=\"required\">\n\t\t\t\t\t\t\t\t\t\t\t<\/div>\n\t\t\t\t\t\t\t\t<div class=\"elementor-field-type-text elementor-field-group elementor-column elementor-field-group-field_9d630c8 elementor-col-50 elementor-field-required\">\n\t\t\t\t\t\t\t\t\t\t\t\t<label for=\"form-field-field_9d630c8\" class=\"elementor-field-label elementor-screen-only\">\n\t\t\t\t\t\t\t\tTelefon\t\t\t\t\t\t\t<\/label>\n\t\t\t\t\t\t\t\t\t\t\t\t\t\t<input size=\"1\" type=\"text\" name=\"form_fields[field_9d630c8]\" id=\"form-field-field_9d630c8\" class=\"elementor-field elementor-size-sm  elementor-field-textual\" placeholder=\"Telefon\" required=\"required\">\n\t\t\t\t\t\t\t\t\t\t\t<\/div>\n\t\t\t\t\t\t\t\t<div class=\"elementor-field-type-textarea elementor-field-group elementor-column elementor-field-group-field_e09a4b0 elementor-col-100\">\n\t\t\t\t\t\t\t\t\t\t\t\t<label for=\"form-field-field_e09a4b0\" class=\"elementor-field-label elementor-screen-only\">\n\t\t\t\t\t\t\t\t\u00dczenet\t\t\t\t\t\t\t<\/label>\n\t\t\t\t\t\t<textarea class=\"elementor-field-textual elementor-field  elementor-size-sm\" name=\"form_fields[field_e09a4b0]\" id=\"form-field-field_e09a4b0\" rows=\"1\" placeholder=\"\u00dczenet\"><\/textarea>\t\t\t\t<\/div>\n\t\t\t\t\t\t\t\t<div class=\"elementor-field-type-acceptance elementor-field-group elementor-column elementor-field-group-field_b073c3f elementor-col-100 elementor-field-required\">\n\t\t\t\t\t\t\t\t\t\t\t\t<label for=\"form-field-field_b073c3f\" class=\"elementor-field-label elementor-screen-only\">\n\t\t\t\t\t\t\t\tGPDR\t\t\t\t\t\t\t<\/label>\n\t\t\t\t\t\t\t\t<div class=\"elementor-field-subgroup\">\n\t\t\t<span class=\"elementor-field-option\">\n\t\t\t\t<input type=\"checkbox\" name=\"form_fields[field_b073c3f]\" id=\"form-field-field_b073c3f\" class=\"elementor-field elementor-size-sm  elementor-acceptance-field\" required=\"required\">\n\t\t\t\t<label for=\"form-field-field_b073c3f\">Elolvastam \u00e9s elfogadom az <a href=\"\/adatkezelesi-tajekoztato\/ \"target=\"_blank\" style=\"font-weight:400\">adatkezel\u00e9si t\u00e1j\u00e9koztat\u00f3t.<\/a><\/label>\t\t\t<\/span>\n\t\t<\/div>\n\t\t\t\t\t\t<\/div>\n\t\t\t\t\t\t\t\t<div class=\"elementor-field-group elementor-column elementor-field-type-submit elementor-col-100 e-form__buttons\">\n\t\t\t\t\t<button class=\"elementor-button elementor-size-sm\" type=\"submit\">\n\t\t\t\t\t\t<span class=\"elementor-button-content-wrapper\">\n\t\t\t\t\t\t\t\t\t\t\t\t\t\t\t\t\t\t\t\t\t\t<span class=\"elementor-button-text\">K\u00fcld\u00e9s<\/span>\n\t\t\t\t\t\t\t\t\t\t\t\t\t<\/span>\n\t\t\t\t\t<\/button>\n\t\t\t\t<\/div>\n\t\t\t<\/div>\n\t\t<\/form>\n\t\t\t\t\t\t<\/div>\n\t\t\t\t\t<\/div>\n\t\t\t\t<\/div>\n\t\t\t\t<\/div>\n\t\t","protected":false},"excerpt":{"rendered":"<p>{{SZOLGALTATAS_NEVE}} {{SZOLGALTATAS_LEIRAS_HOSSZU}} Dolgozn\u00e1l vel\u00fcnk? Partnert, megold\u00e1st keresel?Tov\u00e1bbi inform\u00e1ci\u00f3ra lenne sz\u00fcks\u00e9ged? \u00cdrj nek\u00fcnk !<\/p>","protected":false},"author":1,"featured_media":0,"parent":0,"menu_order":0,"comment_status":"closed","ping_status":"closed","template":"elementor_header_footer","meta":{"footnotes":""},"class_list":["post-670","page","type-page","status-publish","hentry"],"yoast_head":"<!-- This site is optimized with the Yoast SEO Premium plugin v27.5 (Yoast SEO v27.5) - https:\/\/yoast.com\/product\/yoast-seo-premium-wordpress\/ -->\n<title>Szolgaltatas Sablon - Green One Consulting Kft.<\/title>\n<meta name=\"robots\" content=\"index, follow, max-snippet:-1, max-image-preview:large, max-video-preview:-1\" \/>\n<link rel=\"canonical\" href=\"https:\/\/greenoneconsulting.hu\/en\/szolgaltatas-sablon\/\" \/>\n<meta property=\"og:locale\" content=\"en_US\" \/>\n<meta property=\"og:type\" content=\"article\" \/>\n<meta property=\"og:title\" content=\"Szolgaltatas Sablon\" \/>\n<meta property=\"og:description\" content=\"{{SZOLGALTATAS_NEVE}} {{SZOLGALTATAS_LEIRAS_HOSSZU}} Dolgozn\u00e1l vel\u00fcnk? Partnert, megold\u00e1st keresel?Tov\u00e1bbi inform\u00e1ci\u00f3ra lenne sz\u00fcks\u00e9ged? \u00cdrj nek\u00fcnk !\" \/>\n<meta property=\"og:url\" content=\"https:\/\/greenoneconsulting.hu\/en\/szolgaltatas-sablon\/\" \/>\n<meta property=\"og:site_name\" content=\"Green One Consulting Kft.\" \/>\n<meta property=\"article:modified_time\" content=\"2026-05-04T10:05:16+00:00\" \/>\n<meta property=\"og:image\" content=\"https:\/\/greenoneconsulting.hu\/wp-content\/uploads\/2026\/05\/Kep-19.webp\" \/>\n<meta name=\"twitter:card\" content=\"summary_large_image\" \/>\n<script type=\"application\/ld+json\" class=\"yoast-schema-graph\">{\"@context\":\"https:\\\/\\\/schema.org\",\"@graph\":[{\"@type\":\"WebPage\",\"@id\":\"https:\\\/\\\/greenoneconsulting.hu\\\/szolgaltatas-sablon\\\/\",\"url\":\"https:\\\/\\\/greenoneconsulting.hu\\\/szolgaltatas-sablon\\\/\",\"name\":\"Szolgaltatas Sablon - Green One Consulting Kft.\",\"isPartOf\":{\"@id\":\"https:\\\/\\\/greenoneconsulting.hu\\\/#website\"},\"primaryImageOfPage\":{\"@id\":\"https:\\\/\\\/greenoneconsulting.hu\\\/szolgaltatas-sablon\\\/#primaryimage\"},\"image\":{\"@id\":\"https:\\\/\\\/greenoneconsulting.hu\\\/szolgaltatas-sablon\\\/#primaryimage\"},\"thumbnailUrl\":\"https:\\\/\\\/greenoneconsulting.hu\\\/wp-content\\\/uploads\\\/2026\\\/05\\\/Kep-19.webp\",\"datePublished\":\"2026-05-04T09:59:06+00:00\",\"dateModified\":\"2026-05-04T10:05:16+00:00\",\"breadcrumb\":{\"@id\":\"https:\\\/\\\/greenoneconsulting.hu\\\/szolgaltatas-sablon\\\/#breadcrumb\"},\"inLanguage\":\"en-US\",\"potentialAction\":[{\"@type\":\"ReadAction\",\"target\":[\"https:\\\/\\\/greenoneconsulting.hu\\\/szolgaltatas-sablon\\\/\"]}]},{\"@type\":\"ImageObject\",\"inLanguage\":\"en-US\",\"@id\":\"https:\\\/\\\/greenoneconsulting.hu\\\/szolgaltatas-sablon\\\/#primaryimage\",\"url\":\"https:\\\/\\\/greenoneconsulting.hu\\\/wp-content\\\/uploads\\\/2026\\\/05\\\/Kep-19.webp\",\"contentUrl\":\"https:\\\/\\\/greenoneconsulting.hu\\\/wp-content\\\/uploads\\\/2026\\\/05\\\/Kep-19.webp\"},{\"@type\":\"BreadcrumbList\",\"@id\":\"https:\\\/\\\/greenoneconsulting.hu\\\/szolgaltatas-sablon\\\/#breadcrumb\",\"itemListElement\":[{\"@type\":\"ListItem\",\"position\":1,\"name\":\"Kezd\u0151lap\",\"item\":\"https:\\\/\\\/greenoneconsulting.hu\\\/\"},{\"@type\":\"ListItem\",\"position\":2,\"name\":\"Szolgaltatas Sablon\"}]},{\"@type\":\"WebSite\",\"@id\":\"https:\\\/\\\/greenoneconsulting.hu\\\/#website\",\"url\":\"https:\\\/\\\/greenoneconsulting.hu\\\/\",\"name\":\"Green One Consulting Kft.\",\"description\":\"\",\"publisher\":{\"@id\":\"https:\\\/\\\/greenoneconsulting.hu\\\/#organization\"},\"potentialAction\":[{\"@type\":\"SearchAction\",\"target\":{\"@type\":\"EntryPoint\",\"urlTemplate\":\"https:\\\/\\\/greenoneconsulting.hu\\\/?s={search_term_string}\"},\"query-input\":{\"@type\":\"PropertyValueSpecification\",\"valueRequired\":true,\"valueName\":\"search_term_string\"}}],\"inLanguage\":\"en-US\"},{\"@type\":\"Organization\",\"@id\":\"https:\\\/\\\/greenoneconsulting.hu\\\/#organization\",\"name\":\"Green One Consulting Kft.\",\"url\":\"https:\\\/\\\/greenoneconsulting.hu\\\/\",\"logo\":{\"@type\":\"ImageObject\",\"inLanguage\":\"en-US\",\"@id\":\"https:\\\/\\\/greenoneconsulting.hu\\\/#\\\/schema\\\/logo\\\/image\\\/\",\"url\":\"https:\\\/\\\/greenoneconsulting.hu\\\/wp-content\\\/uploads\\\/2026\\\/05\\\/cropped-cropped-partysator-logo-scaled-1.png\",\"contentUrl\":\"https:\\\/\\\/greenoneconsulting.hu\\\/wp-content\\\/uploads\\\/2026\\\/05\\\/cropped-cropped-partysator-logo-scaled-1.png\",\"width\":413,\"height\":239,\"caption\":\"Green One Consulting Kft.\"},\"image\":{\"@id\":\"https:\\\/\\\/greenoneconsulting.hu\\\/#\\\/schema\\\/logo\\\/image\\\/\"}}]}<\/script>\n<!-- \/ Yoast SEO Premium plugin. -->","yoast_head_json":{"title":"Szolgaltatas Sablon - Green One Consulting Kft.","robots":{"index":"index","follow":"follow","max-snippet":"max-snippet:-1","max-image-preview":"max-image-preview:large","max-video-preview":"max-video-preview:-1"},"canonical":"https:\/\/greenoneconsulting.hu\/en\/szolgaltatas-sablon\/","og_locale":"en_US","og_type":"article","og_title":"Szolgaltatas Sablon","og_description":"{{SZOLGALTATAS_NEVE}} {{SZOLGALTATAS_LEIRAS_HOSSZU}} Dolgozn\u00e1l vel\u00fcnk? Partnert, megold\u00e1st keresel?Tov\u00e1bbi inform\u00e1ci\u00f3ra lenne sz\u00fcks\u00e9ged? \u00cdrj nek\u00fcnk !","og_url":"https:\/\/greenoneconsulting.hu\/en\/szolgaltatas-sablon\/","og_site_name":"Green One Consulting Kft.","article_modified_time":"2026-05-04T10:05:16+00:00","og_image":[{"url":"https:\/\/greenoneconsulting.hu\/wp-content\/uploads\/2026\/05\/Kep-19.webp","type":"","width":"","height":""}],"twitter_card":"summary_large_image","schema":{"@context":"https:\/\/schema.org","@graph":[{"@type":"WebPage","@id":"https:\/\/greenoneconsulting.hu\/szolgaltatas-sablon\/","url":"https:\/\/greenoneconsulting.hu\/szolgaltatas-sablon\/","name":"Szolgaltatas Sablon - Green One Consulting Kft.","isPartOf":{"@id":"https:\/\/greenoneconsulting.hu\/#website"},"primaryImageOfPage":{"@id":"https:\/\/greenoneconsulting.hu\/szolgaltatas-sablon\/#primaryimage"},"image":{"@id":"https:\/\/greenoneconsulting.hu\/szolgaltatas-sablon\/#primaryimage"},"thumbnailUrl":"https:\/\/greenoneconsulting.hu\/wp-content\/uploads\/2026\/05\/Kep-19.webp","datePublished":"2026-05-04T09:59:06+00:00","dateModified":"2026-05-04T10:05:16+00:00","breadcrumb":{"@id":"https:\/\/greenoneconsulting.hu\/szolgaltatas-sablon\/#breadcrumb"},"inLanguage":"en-US","potentialAction":[{"@type":"ReadAction","target":["https:\/\/greenoneconsulting.hu\/szolgaltatas-sablon\/"]}]},{"@type":"ImageObject","inLanguage":"en-US","@id":"https:\/\/greenoneconsulting.hu\/szolgaltatas-sablon\/#primaryimage","url":"https:\/\/greenoneconsulting.hu\/wp-content\/uploads\/2026\/05\/Kep-19.webp","contentUrl":"https:\/\/greenoneconsulting.hu\/wp-content\/uploads\/2026\/05\/Kep-19.webp"},{"@type":"BreadcrumbList","@id":"https:\/\/greenoneconsulting.hu\/szolgaltatas-sablon\/#breadcrumb","itemListElement":[{"@type":"ListItem","position":1,"name":"Kezd\u0151lap","item":"https:\/\/greenoneconsulting.hu\/"},{"@type":"ListItem","position":2,"name":"Szolgaltatas Sablon"}]},{"@type":"WebSite","@id":"https:\/\/greenoneconsulting.hu\/#website","url":"https:\/\/greenoneconsulting.hu\/","name":"Green One Consulting Kft.","description":"","publisher":{"@id":"https:\/\/greenoneconsulting.hu\/#organization"},"potentialAction":[{"@type":"SearchAction","target":{"@type":"EntryPoint","urlTemplate":"https:\/\/greenoneconsulting.hu\/?s={search_term_string}"},"query-input":{"@type":"PropertyValueSpecification","valueRequired":true,"valueName":"search_term_string"}}],"inLanguage":"en-US"},{"@type":"Organization","@id":"https:\/\/greenoneconsulting.hu\/#organization","name":"Green One Consulting Kft.","url":"https:\/\/greenoneconsulting.hu\/","logo":{"@type":"ImageObject","inLanguage":"en-US","@id":"https:\/\/greenoneconsulting.hu\/#\/schema\/logo\/image\/","url":"https:\/\/greenoneconsulting.hu\/wp-content\/uploads\/2026\/05\/cropped-cropped-partysator-logo-scaled-1.png","contentUrl":"https:\/\/greenoneconsulting.hu\/wp-content\/uploads\/2026\/05\/cropped-cropped-partysator-logo-scaled-1.png","width":413,"height":239,"caption":"Green One Consulting Kft."},"image":{"@id":"https:\/\/greenoneconsulting.hu\/#\/schema\/logo\/image\/"}}]}},"_links":{"self":[{"href":"https:\/\/greenoneconsulting.hu\/en\/wp-json\/wp\/v2\/pages\/670","targetHints":{"allow":["GET"]}}],"collection":[{"href":"https:\/\/greenoneconsulting.hu\/en\/wp-json\/wp\/v2\/pages"}],"about":[{"href":"https:\/\/greenoneconsulting.hu\/en\/wp-json\/wp\/v2\/types\/page"}],"author":[{"embeddable":true,"href":"https:\/\/greenoneconsulting.hu\/en\/wp-json\/wp\/v2\/users\/1"}],"replies":[{"embeddable":true,"href":"https:\/\/greenoneconsulting.hu\/en\/wp-json\/wp\/v2\/comments?post=670"}],"version-history":[{"count":4,"href":"https:\/\/greenoneconsulting.hu\/en\/wp-json\/wp\/v2\/pages\/670\/revisions"}],"predecessor-version":[{"id":677,"href":"https:\/\/greenoneconsulting.hu\/en\/wp-json\/wp\/v2\/pages\/670\/revisions\/677"}],"wp:attachment":[{"href":"https:\/\/greenoneconsulting.hu\/en\/wp-json\/wp\/v2\/media?parent=670"}],"curies":[{"name":"wp","href":"https:\/\/api.w.org\/{rel}","templated":true}]}}