{"id":706,"date":"2026-05-04T12:17:09","date_gmt":"2026-05-04T10:17:09","guid":{"rendered":"https:\/\/greenoneconsulting.hu\/?page_id=706"},"modified":"2026-05-04T12:19:02","modified_gmt":"2026-05-04T10:19:02","slug":"galeria","status":"publish","type":"page","link":"https:\/\/greenoneconsulting.hu\/en\/galeria\/","title":{"rendered":"Gallery"},"content":{"rendered":"<div data-elementor-type=\"wp-page\" data-elementor-id=\"706\" class=\"elementor elementor-706\" data-elementor-post-type=\"page\">\n\t\t\t\t<div class=\"elementor-element elementor-element-16c033d8 e-flex e-con-boxed e-con e-parent\" data-id=\"16c033d8\" data-element_type=\"container\" data-e-type=\"container\">\n\t\t\t\t\t<div class=\"e-con-inner\">\n\t\t\t\t<div class=\"elementor-element elementor-element-2d58df47 elementor-widget elementor-widget-heading\" data-id=\"2d58df47\" data-element_type=\"widget\" data-e-type=\"widget\" data-widget_type=\"heading.default\">\n\t\t\t\t\t<h2 class=\"elementor-heading-title elementor-size-default\">K\u00e9pgal\u00e9ria<\/h2>\t\t\t\t<\/div>\n\t\t\t\t<div class=\"elementor-element elementor-element-7e5ac909 elementor-widget elementor-widget-gallery\" data-id=\"7e5ac909\" data-element_type=\"widget\" data-e-type=\"widget\" data-settings=\"{&quot;gallery_layout&quot;:&quot;masonry&quot;,&quot;columns&quot;:2,&quot;gap&quot;:{&quot;unit&quot;:&quot;px&quot;,&quot;size&quot;:24,&quot;sizes&quot;:[]},&quot;columns_mobile&quot;:2,&quot;lazyload&quot;:&quot;yes&quot;,&quot;columns_tablet&quot;:2,&quot;gap_laptop&quot;:{&quot;unit&quot;:&quot;px&quot;,&quot;size&quot;:10,&quot;sizes&quot;:[]},&quot;gap_tablet&quot;:{&quot;unit&quot;:&quot;px&quot;,&quot;size&quot;:10,&quot;sizes&quot;:[]},&quot;gap_mobile&quot;:{&quot;unit&quot;:&quot;px&quot;,&quot;size&quot;:10,&quot;sizes&quot;:[]},&quot;overlay_background&quot;:&quot;yes&quot;,&quot;content_hover_animation&quot;:&quot;fade-in&quot;}\" data-widget_type=\"gallery.default\">\n\t\t\t\t\t\t\t<div class=\"elementor-gallery__container\">\n\t\t\t\t\t\t\t<div class=\"e-gallery-item elementor-gallery-item elementor-animated-content\">\n\t\t\t\t\t<div class=\"e-gallery-image elementor-gallery-item__image\" data-thumbnail=\"https:\/\/greenoneconsulting.hu\/wp-content\/uploads\/2026\/05\/Kep-22.webp\" data-width=\"1024\" data-height=\"1024\" aria-label=\"\" role=\"img\" ><\/div>\n\t\t\t\t\t\t\t\t\t\t\t<div class=\"elementor-gallery-item__overlay\"><\/div>\n\t\t\t\t\t\t\t\t\t\t\t\t\t\t<\/div>\n\t\t\t\t\t\t\t<div class=\"e-gallery-item elementor-gallery-item elementor-animated-content\">\n\t\t\t\t\t<div class=\"e-gallery-image elementor-gallery-item__image\" data-thumbnail=\"https:\/\/greenoneconsulting.hu\/wp-content\/uploads\/2026\/05\/Kep-30.webp\" data-width=\"1024\" data-height=\"493\" aria-label=\"\" role=\"img\" ><\/div>\n\t\t\t\t\t\t\t\t\t\t\t<div class=\"elementor-gallery-item__overlay\"><\/div>\n\t\t\t\t\t\t\t\t\t\t\t\t\t\t<\/div>\n\t\t\t\t\t\t\t<div class=\"e-gallery-item elementor-gallery-item elementor-animated-content\">\n\t\t\t\t\t<div class=\"e-gallery-image elementor-gallery-item__image\" data-thumbnail=\"https:\/\/greenoneconsulting.hu\/wp-content\/uploads\/2026\/05\/Kep-23.webp\" data-width=\"1024\" data-height=\"1024\" aria-label=\"\" role=\"img\" ><\/div>\n\t\t\t\t\t\t\t\t\t\t\t<div class=\"elementor-gallery-item__overlay\"><\/div>\n\t\t\t\t\t\t\t\t\t\t\t\t\t\t<\/div>\n\t\t\t\t\t\t\t<div class=\"e-gallery-item elementor-gallery-item elementor-animated-content\">\n\t\t\t\t\t<div class=\"e-gallery-image elementor-gallery-item__image\" data-thumbnail=\"https:\/\/greenoneconsulting.hu\/wp-content\/uploads\/2026\/05\/Kep-31.webp\" data-width=\"1024\" data-height=\"493\" aria-label=\"\" role=\"img\" ><\/div>\n\t\t\t\t\t\t\t\t\t\t\t<div class=\"elementor-gallery-item__overlay\"><\/div>\n\t\t\t\t\t\t\t\t\t\t\t\t\t\t<\/div>\n\t\t\t\t\t<\/div>\n\t\t\t\t\t<\/div>\n\t\t\t\t\t<\/div>\n\t\t\t\t<\/div>\n\t\t\t\t<\/div>","protected":false},"excerpt":{"rendered":"<p>K\u00e9pgal\u00e9ria<\/p>","protected":false},"author":1,"featured_media":0,"parent":0,"menu_order":0,"comment_status":"closed","ping_status":"closed","template":"elementor_header_footer","meta":{"footnotes":""},"class_list":["post-706","page","type-page","status-publish","hentry"],"yoast_head":"<!-- This site is optimized with the Yoast SEO Premium plugin v27.5 (Yoast SEO v27.5) - https:\/\/yoast.com\/product\/yoast-seo-premium-wordpress\/ -->\n<title>Gal\u00e9ria - Green One Consulting Kft.<\/title>\n<meta name=\"robots\" content=\"index, follow, max-snippet:-1, max-image-preview:large, max-video-preview:-1\" \/>\n<link rel=\"canonical\" href=\"https:\/\/greenoneconsulting.hu\/en\/galeria\/\" \/>\n<meta property=\"og:locale\" content=\"en_US\" \/>\n<meta property=\"og:type\" content=\"article\" \/>\n<meta property=\"og:title\" content=\"Gal\u00e9ria\" \/>\n<meta property=\"og:description\" content=\"K\u00e9pgal\u00e9ria\" \/>\n<meta property=\"og:url\" content=\"https:\/\/greenoneconsulting.hu\/en\/galeria\/\" \/>\n<meta property=\"og:site_name\" content=\"Green One Consulting Kft.\" \/>\n<meta property=\"article:modified_time\" content=\"2026-05-04T10:19:02+00:00\" \/>\n<meta name=\"twitter:card\" content=\"summary_large_image\" \/>\n<script type=\"application\/ld+json\" class=\"yoast-schema-graph\">{\"@context\":\"https:\\\/\\\/schema.org\",\"@graph\":[{\"@type\":\"WebPage\",\"@id\":\"https:\\\/\\\/greenoneconsulting.hu\\\/galeria\\\/\",\"url\":\"https:\\\/\\\/greenoneconsulting.hu\\\/galeria\\\/\",\"name\":\"Gal\u00e9ria - Green One Consulting Kft.\",\"isPartOf\":{\"@id\":\"https:\\\/\\\/greenoneconsulting.hu\\\/#website\"},\"datePublished\":\"2026-05-04T10:17:09+00:00\",\"dateModified\":\"2026-05-04T10:19:02+00:00\",\"breadcrumb\":{\"@id\":\"https:\\\/\\\/greenoneconsulting.hu\\\/galeria\\\/#breadcrumb\"},\"inLanguage\":\"en-US\",\"potentialAction\":[{\"@type\":\"ReadAction\",\"target\":[\"https:\\\/\\\/greenoneconsulting.hu\\\/galeria\\\/\"]}]},{\"@type\":\"BreadcrumbList\",\"@id\":\"https:\\\/\\\/greenoneconsulting.hu\\\/galeria\\\/#breadcrumb\",\"itemListElement\":[{\"@type\":\"ListItem\",\"position\":1,\"name\":\"Kezd\u0151lap\",\"item\":\"https:\\\/\\\/greenoneconsulting.hu\\\/\"},{\"@type\":\"ListItem\",\"position\":2,\"name\":\"Gal\u00e9ria\"}]},{\"@type\":\"WebSite\",\"@id\":\"https:\\\/\\\/greenoneconsulting.hu\\\/#website\",\"url\":\"https:\\\/\\\/greenoneconsulting.hu\\\/\",\"name\":\"Green One Consulting Kft.\",\"description\":\"\",\"publisher\":{\"@id\":\"https:\\\/\\\/greenoneconsulting.hu\\\/#organization\"},\"potentialAction\":[{\"@type\":\"SearchAction\",\"target\":{\"@type\":\"EntryPoint\",\"urlTemplate\":\"https:\\\/\\\/greenoneconsulting.hu\\\/?s={search_term_string}\"},\"query-input\":{\"@type\":\"PropertyValueSpecification\",\"valueRequired\":true,\"valueName\":\"search_term_string\"}}],\"inLanguage\":\"en-US\"},{\"@type\":\"Organization\",\"@id\":\"https:\\\/\\\/greenoneconsulting.hu\\\/#organization\",\"name\":\"Green One Consulting Kft.\",\"url\":\"https:\\\/\\\/greenoneconsulting.hu\\\/\",\"logo\":{\"@type\":\"ImageObject\",\"inLanguage\":\"en-US\",\"@id\":\"https:\\\/\\\/greenoneconsulting.hu\\\/#\\\/schema\\\/logo\\\/image\\\/\",\"url\":\"https:\\\/\\\/greenoneconsulting.hu\\\/wp-content\\\/uploads\\\/2026\\\/05\\\/cropped-cropped-partysator-logo-scaled-1.png\",\"contentUrl\":\"https:\\\/\\\/greenoneconsulting.hu\\\/wp-content\\\/uploads\\\/2026\\\/05\\\/cropped-cropped-partysator-logo-scaled-1.png\",\"width\":413,\"height\":239,\"caption\":\"Green One Consulting Kft.\"},\"image\":{\"@id\":\"https:\\\/\\\/greenoneconsulting.hu\\\/#\\\/schema\\\/logo\\\/image\\\/\"}}]}<\/script>\n<!-- \/ Yoast SEO Premium plugin. -->","yoast_head_json":{"title":"Gal\u00e9ria - Green One Consulting Kft.","robots":{"index":"index","follow":"follow","max-snippet":"max-snippet:-1","max-image-preview":"max-image-preview:large","max-video-preview":"max-video-preview:-1"},"canonical":"https:\/\/greenoneconsulting.hu\/en\/galeria\/","og_locale":"en_US","og_type":"article","og_title":"Gal\u00e9ria","og_description":"K\u00e9pgal\u00e9ria","og_url":"https:\/\/greenoneconsulting.hu\/en\/galeria\/","og_site_name":"Green One Consulting Kft.","article_modified_time":"2026-05-04T10:19:02+00:00","twitter_card":"summary_large_image","schema":{"@context":"https:\/\/schema.org","@graph":[{"@type":"WebPage","@id":"https:\/\/greenoneconsulting.hu\/galeria\/","url":"https:\/\/greenoneconsulting.hu\/galeria\/","name":"Gal\u00e9ria - Green One Consulting Kft.","isPartOf":{"@id":"https:\/\/greenoneconsulting.hu\/#website"},"datePublished":"2026-05-04T10:17:09+00:00","dateModified":"2026-05-04T10:19:02+00:00","breadcrumb":{"@id":"https:\/\/greenoneconsulting.hu\/galeria\/#breadcrumb"},"inLanguage":"en-US","potentialAction":[{"@type":"ReadAction","target":["https:\/\/greenoneconsulting.hu\/galeria\/"]}]},{"@type":"BreadcrumbList","@id":"https:\/\/greenoneconsulting.hu\/galeria\/#breadcrumb","itemListElement":[{"@type":"ListItem","position":1,"name":"Kezd\u0151lap","item":"https:\/\/greenoneconsulting.hu\/"},{"@type":"ListItem","position":2,"name":"Gal\u00e9ria"}]},{"@type":"WebSite","@id":"https:\/\/greenoneconsulting.hu\/#website","url":"https:\/\/greenoneconsulting.hu\/","name":"Green One Consulting Kft.","description":"","publisher":{"@id":"https:\/\/greenoneconsulting.hu\/#organization"},"potentialAction":[{"@type":"SearchAction","target":{"@type":"EntryPoint","urlTemplate":"https:\/\/greenoneconsulting.hu\/?s={search_term_string}"},"query-input":{"@type":"PropertyValueSpecification","valueRequired":true,"valueName":"search_term_string"}}],"inLanguage":"en-US"},{"@type":"Organization","@id":"https:\/\/greenoneconsulting.hu\/#organization","name":"Green One Consulting Kft.","url":"https:\/\/greenoneconsulting.hu\/","logo":{"@type":"ImageObject","inLanguage":"en-US","@id":"https:\/\/greenoneconsulting.hu\/#\/schema\/logo\/image\/","url":"https:\/\/greenoneconsulting.hu\/wp-content\/uploads\/2026\/05\/cropped-cropped-partysator-logo-scaled-1.png","contentUrl":"https:\/\/greenoneconsulting.hu\/wp-content\/uploads\/2026\/05\/cropped-cropped-partysator-logo-scaled-1.png","width":413,"height":239,"caption":"Green One Consulting Kft."},"image":{"@id":"https:\/\/greenoneconsulting.hu\/#\/schema\/logo\/image\/"}}]}},"_links":{"self":[{"href":"https:\/\/greenoneconsulting.hu\/en\/wp-json\/wp\/v2\/pages\/706","targetHints":{"allow":["GET"]}}],"collection":[{"href":"https:\/\/greenoneconsulting.hu\/en\/wp-json\/wp\/v2\/pages"}],"about":[{"href":"https:\/\/greenoneconsulting.hu\/en\/wp-json\/wp\/v2\/types\/page"}],"author":[{"embeddable":true,"href":"https:\/\/greenoneconsulting.hu\/en\/wp-json\/wp\/v2\/users\/1"}],"replies":[{"embeddable":true,"href":"https:\/\/greenoneconsulting.hu\/en\/wp-json\/wp\/v2\/comments?post=706"}],"version-history":[{"count":4,"href":"https:\/\/greenoneconsulting.hu\/en\/wp-json\/wp\/v2\/pages\/706\/revisions"}],"predecessor-version":[{"id":711,"href":"https:\/\/greenoneconsulting.hu\/en\/wp-json\/wp\/v2\/pages\/706\/revisions\/711"}],"wp:attachment":[{"href":"https:\/\/greenoneconsulting.hu\/en\/wp-json\/wp\/v2\/media?parent=706"}],"curies":[{"name":"wp","href":"https:\/\/api.w.org\/{rel}","templated":true}]}}